{"id":12,"date":"2023-02-22T06:32:49","date_gmt":"2023-02-22T06:32:49","guid":{"rendered":"https:\/\/aipt.jptechnologiesllc.com\/es\/?page_id=12"},"modified":"2024-05-14T19:06:59","modified_gmt":"2024-05-14T19:06:59","slug":"physical","status":"publish","type":"page","link":"https:\/\/aipt.jptechnologiesllc.com\/es\/physical\/","title":{"rendered":"Physical"},"content":{"rendered":"\t\t<div data-elementor-type=\"wp-page\" data-elementor-id=\"12\" class=\"elementor elementor-12\">\n\t\t\t\t\t\t\t\t\t<section class=\"elementor-section elementor-top-section elementor-element elementor-element-c985976 elementor-section-boxed elementor-section-height-default elementor-section-height-default\" data-id=\"c985976\" data-element_type=\"section\">\n\t\t\t\t\t\t<div class=\"elementor-container elementor-column-gap-default\">\n\t\t\t\t\t<div class=\"elementor-column elementor-col-100 elementor-top-column elementor-element elementor-element-4481cfe\" data-id=\"4481cfe\" data-element_type=\"column\">\n\t\t\t<div class=\"elementor-widget-wrap elementor-element-populated\">\n\t\t\t\t\t\t\t\t<div class=\"elementor-element elementor-element-2985174 elementor-widget elementor-widget-html\" data-id=\"2985174\" data-element_type=\"widget\" data-widget_type=\"html.default\">\n\t\t\t\t<div class=\"elementor-widget-container\">\n\t\t\t<div class=\"about-sec\">\n  <div class=\"row\">\n    <div class=\"col-md-12\">\n      <div class=\"heading\">\n        Terapia f\u00edsica\n\n      <\/div>\n      <div class=\"para\">\n       Nuestros fisioterapeutas se centran en actividades motoras gruesas, fuerza, rango de movimiento y tareas funcionales para ayudar a los pacientes a lograr y mantener la movilidad y la calidad de vida. Ellos tienen muchos a\u00f1os de experiencia con diferentes tipos de discapacidades, tales como: retraso en el desarrollo, motricidad gruesa, autismo, trastornos gen\u00e9ticos, propiocepci\u00f3n y comportamiento. Las afecciones ortop\u00e9dicas como la reumatoide y la osteoartritis, la disfunci\u00f3n de la columna y los reemplazos de articulaciones se encuentran entre los principales casos vistos en nuestra cl\u00ednica.\n      <\/div>\n      \n    <\/div>\n  <\/div>\n<\/div>\t\t<\/div>\n\t\t\t\t<\/div>\n\t\t\t\t\t<\/div>\n\t\t<\/div>\n\t\t\t\t\t\t\t<\/div>\n\t\t<\/section>\n\t\t\t\t<section class=\"elementor-section elementor-top-section elementor-element elementor-element-6dde2fb elementor-section-boxed elementor-section-height-default elementor-section-height-default\" data-id=\"6dde2fb\" data-element_type=\"section\">\n\t\t\t\t\t\t<div class=\"elementor-container elementor-column-gap-default\">\n\t\t\t\t\t<div class=\"elementor-column elementor-col-100 elementor-top-column elementor-element elementor-element-76a1e30\" data-id=\"76a1e30\" data-element_type=\"column\">\n\t\t\t<div class=\"elementor-widget-wrap elementor-element-populated\">\n\t\t\t\t\t\t\t\t<div class=\"elementor-element elementor-element-0cd6ec2 elementor-widget elementor-widget-html\" data-id=\"0cd6ec2\" data-element_type=\"widget\" data-widget_type=\"html.default\">\n\t\t\t\t<div class=\"elementor-widget-container\">\n\t\t\t<div class=\"about-sec\">\n  <div class=\"row\">\n    <div class=\"col-md-12\">\n      <div class=\"heading\">\n        Tratamiento del neurodesarrollo (NDT)\n\n      <\/div>\n      <div class=\"para\">\n      El tratamiento del neurodesarrollo (NDT) es un enfoque terap\u00e9utico avanzado realizado por fisioterapeutas experimentados. Este enfoque pr\u00e1ctico se utiliza para trabajar con personas que tienen una disfunci\u00f3n del sistema nervioso central que crea dificultades para controlar el movimiento.\n\n      <\/div>\n      <div class=\"para\">\n       Los terapeutas que utilizan el tratamiento de END trabajan en estrecha colaboraci\u00f3n con personas con problemas neurol\u00f3gicos (por ejemplo, par\u00e1lisis cerebral, accidente cerebrovascular, lesi\u00f3n en la cabeza), ayud\u00e1ndoles a ser lo m\u00e1s independientes posible. Los terapeutas certificados en NDT trabajan en colaboraci\u00f3n con individuos, familiares, cuidadores y m\u00e9dicos para desarrollar programas de tratamiento integrales basados \u200b\u200ben los principios de la neurolog\u00eda y fisiolog\u00eda humana. Las personas que tienen dificultades motoras de leves a graves pueden beneficiarse del enfoque NDT. ( www.ndta.org ) \n      <\/div>\n    <\/div>\n  <\/div>\n<\/div>\t\t<\/div>\n\t\t\t\t<\/div>\n\t\t\t\t\t<\/div>\n\t\t<\/div>\n\t\t\t\t\t\t\t<\/div>\n\t\t<\/section>\n\t\t\t\t\t\t\t<\/div>\n\t\t","protected":false},"excerpt":{"rendered":"<p>Terapia f\u00edsica Nuestros fisioterapeutas se centran en actividades motoras gruesas, fuerza, rango de movimiento y tareas funcionales para ayudar a los pacientes a lograr y mantener la movilidad y la calidad de vida. Ellos tienen muchos a\u00f1os de experiencia con diferentes tipos de discapacidades, tales como: retraso en el desarrollo, motricidad gruesa, autismo, trastornos gen\u00e9ticos,&hellip; <a class=\"more-link\" href=\"https:\/\/aipt.jptechnologiesllc.com\/es\/physical\/\">Continue reading <span class=\"screen-reader-text\">Physical<\/span><\/a><\/p>\n","protected":false},"author":1,"featured_media":0,"parent":0,"menu_order":0,"comment_status":"closed","ping_status":"closed","template":"elementor_header_footer","meta":{"footnotes":""},"post_mailing_queue_ids":[],"_links":{"self":[{"href":"https:\/\/aipt.jptechnologiesllc.com\/es\/wp-json\/wp\/v2\/pages\/12"}],"collection":[{"href":"https:\/\/aipt.jptechnologiesllc.com\/es\/wp-json\/wp\/v2\/pages"}],"about":[{"href":"https:\/\/aipt.jptechnologiesllc.com\/es\/wp-json\/wp\/v2\/types\/page"}],"author":[{"embeddable":true,"href":"https:\/\/aipt.jptechnologiesllc.com\/es\/wp-json\/wp\/v2\/users\/1"}],"replies":[{"embeddable":true,"href":"https:\/\/aipt.jptechnologiesllc.com\/es\/wp-json\/wp\/v2\/comments?post=12"}],"version-history":[{"count":14,"href":"https:\/\/aipt.jptechnologiesllc.com\/es\/wp-json\/wp\/v2\/pages\/12\/revisions"}],"predecessor-version":[{"id":1890,"href":"https:\/\/aipt.jptechnologiesllc.com\/es\/wp-json\/wp\/v2\/pages\/12\/revisions\/1890"}],"wp:attachment":[{"href":"https:\/\/aipt.jptechnologiesllc.com\/es\/wp-json\/wp\/v2\/media?parent=12"}],"curies":[{"name":"wp","href":"https:\/\/api.w.org\/{rel}","templated":true}]}}