{"id":1250,"date":"2023-10-03T13:46:17","date_gmt":"2023-10-03T13:46:17","guid":{"rendered":"https:\/\/aipt.jptechnologiesllc.com\/es\/?page_id=1250"},"modified":"2024-05-14T20:31:50","modified_gmt":"2024-05-14T20:31:50","slug":"meet-our-clinical-director","status":"publish","type":"page","link":"https:\/\/aipt.jptechnologiesllc.com\/es\/meet-our-clinical-director\/","title":{"rendered":"Meet our Clinical Director"},"content":{"rendered":"\t\t<div data-elementor-type=\"wp-page\" data-elementor-id=\"1250\" class=\"elementor elementor-1250\">\n\t\t\t\t\t\t\t\t\t<section class=\"elementor-section elementor-top-section elementor-element elementor-element-67a9468 elementor-section-boxed elementor-section-height-default elementor-section-height-default\" data-id=\"67a9468\" data-element_type=\"section\">\n\t\t\t\t\t\t<div class=\"elementor-container elementor-column-gap-default\">\n\t\t\t\t\t<div class=\"elementor-column elementor-col-100 elementor-top-column elementor-element elementor-element-3e81655\" data-id=\"3e81655\" data-element_type=\"column\">\n\t\t\t<div class=\"elementor-widget-wrap elementor-element-populated\">\n\t\t\t\t\t\t\t\t<div class=\"elementor-element elementor-element-8033dbb elementor-widget elementor-widget-image\" data-id=\"8033dbb\" data-element_type=\"widget\" data-widget_type=\"image.default\">\n\t\t\t\t<div class=\"elementor-widget-container\">\n\t\t\t\t\t\t\t\t\t\t\t\t\t\t\t<img decoding=\"async\" src=\"https:\/\/aipt.jptechnologiesllc.com\/es\/wp-content\/uploads\/2023\/02\/Sergio.jpg\" title=\"\" alt=\"\" loading=\"lazy\" \/>\t\t\t\t\t\t\t\t\t\t\t\t\t\t\t<\/div>\n\t\t\t\t<\/div>\n\t\t\t\t\t<\/div>\n\t\t<\/div>\n\t\t\t\t\t\t\t<\/div>\n\t\t<\/section>\n\t\t\t\t<section class=\"elementor-section elementor-top-section elementor-element elementor-element-95e1076 elementor-section-stretched elementor-section-boxed elementor-section-height-default elementor-section-height-default\" data-id=\"95e1076\" data-element_type=\"section\" data-settings=\"{&quot;stretch_section&quot;:&quot;section-stretched&quot;}\">\n\t\t\t\t\t\t<div class=\"elementor-container elementor-column-gap-default\">\n\t\t\t\t\t<div class=\"elementor-column elementor-col-100 elementor-top-column elementor-element elementor-element-7798f7b\" data-id=\"7798f7b\" data-element_type=\"column\">\n\t\t\t<div class=\"elementor-widget-wrap elementor-element-populated\">\n\t\t\t\t\t\t\t\t<div class=\"elementor-element elementor-element-a976da9 elementor-widget elementor-widget-html\" data-id=\"a976da9\" data-element_type=\"widget\" data-widget_type=\"html.default\">\n\t\t\t\t<div class=\"elementor-widget-container\">\n\t\t\t<div class=\"about-sec\">\n  <div class=\"row\">\n    <div class=\"col-md-12\">\n      <div class=\"heading\">\n        Dr. Sergio Director Cl\u00ednico (B.S., CNDT, DPT)\n\n      <\/div>\n      <div class=\"para\">\n      El Dr. Sergio Hern\u00e1ndez, Director Cl\u00ednico Internacional y CEO de Atlanta, ha ejercido como fisioterapeuta durante m\u00e1s de 30 a\u00f1os en diferentes entornos, como cuidados intensivos, salud domiciliaria, cl\u00ednicas ambulatorias, geriatr\u00eda, adultos y pediatr\u00eda. El Dr. Hern\u00e1ndez se gradu\u00f3 con Honores en 1985 en la Escuela de Fisioterapia de la Facultad de Medicina de Chile. En 2011, complet\u00f3 su doctorado en Fisioterapia en la Universidad de Chattan, EE. UU. El Dr. Hern\u00e1ndez practic\u00f3 fisioterapia pedi\u00e1trica y de adultos en consultorios privados. En 1991, el Dr. Hern\u00e1ndez fue coordinador de las Olimp\u00edadas Especiales en Chile y uno de sus pacientes gan\u00f3 la medalla de oro en las Olimpiadas de Espa\u00f1a.\n\n \n      <\/div>\n      <div class=\"para\">\n        En 1992, un headhunter lo reclut\u00f3 de Chile para ejercer la Terapia F\u00edsica en Estados Unidos. El Dr. Hern\u00e1ndez comenz\u00f3 a trabajar en Phone Putney Hospital y abri\u00f3 una cl\u00ednica ambulatoria de rehabilitaci\u00f3n. En 1993, el Middle Georgia Hospital le ofreci\u00f3 un puesto de director de una cl\u00ednica ambulatoria para una asignaci\u00f3n de corto plazo. En 1994, el Dr. Sergio fue director cl\u00ednico y supervisor de una cl\u00ednica ambulatoria en el estado de Florida. En 1995, el Dr. Hern\u00e1ndez empeso a trabajar con la poblaci\u00f3n geri\u00e1trica y trabaj\u00f3 hasta 1999 en rehabilitaci\u00f3n, centros residenciales y cuidados intensivos a largo plazo.\n\n      <\/div>\n      <div class=\"para\">\n        En 1999 el Dr. Hern\u00e1ndez comenz\u00f3 a trabajar nuevamente en pediatr\u00eda en el Programa de Intervenci\u00f3n Temprana, Babies Cannot Wait en el estado de GA. En el a\u00f1o 2001, Babies Cannot Wait lo invit\u00f3 a ser parte del equipo de evaluaci\u00f3n de elegibilidad inicial en el que trabaj\u00f3 el Dr. Hern\u00e1ndez hasta el a\u00f1o 2008,comenzando a ver pacientes  pacientes en su pr\u00e1ctica privada. En 2004 el Dr. Hern\u00e1ndez inici\u00f3 su certificaci\u00f3n en Fundamentos Neurobiol\u00f3gicos de Integraci\u00f3n Sensorial, Cl\u00ednica Ayres. Durante estos a\u00f1os, el Dr. Hern\u00e1ndez hab\u00eda completado diferentes clases de educaci\u00f3n continua y certificaciones enfocadas en neurodesarrollo, ortopedia y ortesis. En 2015, el Dr. Hern\u00e1ndez complet\u00f3 la certificaci\u00f3n en Tratamiento del Neurodesarrollo. Durante estos a\u00f1os, el Dr. Hern\u00e1ndez ha obtenido diferentes certificaciones en Sistema Vestibular Pedi\u00e1trico, Reflejo Primitivo e Integraci\u00f3n, Practicante de Ventosas Miofasciales y Taping de Kinesiolog\u00eda FMT. En medio de todo, el Dr. Hern\u00e1ndez se convirti\u00f3 en director cl\u00ednico y director ejecutivo de AIPT. La especialidad y concentraci\u00f3n del Dr. Hern\u00e1ndez son los ni\u00f1os prematuros, ni\u00f1os con problemas neurologicos, paralisis cerebral y ni\u00f1os que han estado en NICU y m\u00e1s all\u00e1.\n\n      <\/div>\n      \n       <div class=\"para\">\n        El Dr. Hern\u00e1ndez es un profesional reconocido en la comunidad hispana por ser un terapeuta disciplinado con su distintivo e intenso conocimiento en ni\u00f1os y adultos en neurodesarrollo, ortopedia, habilidades cognitivas y diferentes t\u00e9cnicas para mejorar y asistir a ni\u00f1os y adultos con precisi\u00f3n y eficiencia. para aumentar la independencia. En su tiempo libre, el Dr. Hern\u00e1ndez compite en maratones, Xterra y Triatl\u00f3n en Estados Unidos. Adem\u00e1s el Dr. Hern\u00e1ndez comparte sus conocimientos con organizaciones sin fines de lucro en Chile.\n      <\/div>\n      \n    <\/div>\n  <\/div>\n<\/div>\t\t<\/div>\n\t\t\t\t<\/div>\n\t\t\t\t\t<\/div>\n\t\t<\/div>\n\t\t\t\t\t\t\t<\/div>\n\t\t<\/section>\n\t\t\t\t\t\t\t<\/div>\n\t\t","protected":false},"excerpt":{"rendered":"<p>Dr. Sergio Director Cl\u00ednico (B.S., CNDT, DPT) El Dr. Sergio Hern\u00e1ndez, Director Cl\u00ednico Internacional y CEO de Atlanta, ha ejercido como fisioterapeuta durante m\u00e1s de 30 a\u00f1os en diferentes entornos, como cuidados intensivos, salud domiciliaria, cl\u00ednicas ambulatorias, geriatr\u00eda, adultos y pediatr\u00eda. El Dr. Hern\u00e1ndez se gradu\u00f3 con Honores en 1985 en la Escuela de Fisioterapia&hellip; <a class=\"more-link\" href=\"https:\/\/aipt.jptechnologiesllc.com\/es\/meet-our-clinical-director\/\">Continue reading <span class=\"screen-reader-text\">Meet our Clinical Director<\/span><\/a><\/p>\n","protected":false},"author":1,"featured_media":0,"parent":0,"menu_order":0,"comment_status":"closed","ping_status":"closed","template":"elementor_header_footer","meta":{"footnotes":""},"post_mailing_queue_ids":[],"_links":{"self":[{"href":"https:\/\/aipt.jptechnologiesllc.com\/es\/wp-json\/wp\/v2\/pages\/1250"}],"collection":[{"href":"https:\/\/aipt.jptechnologiesllc.com\/es\/wp-json\/wp\/v2\/pages"}],"about":[{"href":"https:\/\/aipt.jptechnologiesllc.com\/es\/wp-json\/wp\/v2\/types\/page"}],"author":[{"embeddable":true,"href":"https:\/\/aipt.jptechnologiesllc.com\/es\/wp-json\/wp\/v2\/users\/1"}],"replies":[{"embeddable":true,"href":"https:\/\/aipt.jptechnologiesllc.com\/es\/wp-json\/wp\/v2\/comments?post=1250"}],"version-history":[{"count":8,"href":"https:\/\/aipt.jptechnologiesllc.com\/es\/wp-json\/wp\/v2\/pages\/1250\/revisions"}],"predecessor-version":[{"id":1936,"href":"https:\/\/aipt.jptechnologiesllc.com\/es\/wp-json\/wp\/v2\/pages\/1250\/revisions\/1936"}],"wp:attachment":[{"href":"https:\/\/aipt.jptechnologiesllc.com\/es\/wp-json\/wp\/v2\/media?parent=1250"}],"curies":[{"name":"wp","href":"https:\/\/api.w.org\/{rel}","templated":true}]}}