{"id":1252,"date":"2023-10-03T13:46:41","date_gmt":"2023-10-03T13:46:41","guid":{"rendered":"https:\/\/aipt.jptechnologiesllc.com\/es\/?page_id=1252"},"modified":"2024-05-28T05:27:34","modified_gmt":"2024-05-28T05:27:34","slug":"meet-our-cfo","status":"publish","type":"page","link":"https:\/\/aipt.jptechnologiesllc.com\/es\/meet-our-cfo\/","title":{"rendered":"Meet our CFO"},"content":{"rendered":"\t\t<div data-elementor-type=\"wp-page\" data-elementor-id=\"1252\" class=\"elementor elementor-1252\">\n\t\t\t\t\t\t\t\t\t<section class=\"elementor-section elementor-top-section elementor-element elementor-element-2e6102a elementor-section-boxed elementor-section-height-default elementor-section-height-default\" data-id=\"2e6102a\" data-element_type=\"section\">\n\t\t\t\t\t\t<div class=\"elementor-container elementor-column-gap-default\">\n\t\t\t\t\t<div class=\"elementor-column elementor-col-100 elementor-top-column elementor-element elementor-element-98fb6b7\" data-id=\"98fb6b7\" data-element_type=\"column\">\n\t\t\t<div class=\"elementor-widget-wrap\">\n\t\t\t\t\t\t\t\t\t<\/div>\n\t\t<\/div>\n\t\t\t\t\t\t\t<\/div>\n\t\t<\/section>\n\t\t\t\t<section class=\"elementor-section elementor-top-section elementor-element elementor-element-ab78c00 elementor-section-stretched elementor-section-boxed elementor-section-height-default elementor-section-height-default\" data-id=\"ab78c00\" data-element_type=\"section\" data-settings=\"{&quot;stretch_section&quot;:&quot;section-stretched&quot;}\">\n\t\t\t\t\t\t<div class=\"elementor-container elementor-column-gap-default\">\n\t\t\t\t\t<div class=\"elementor-column elementor-col-100 elementor-top-column elementor-element elementor-element-6b6655f\" data-id=\"6b6655f\" data-element_type=\"column\">\n\t\t\t<div class=\"elementor-widget-wrap elementor-element-populated\">\n\t\t\t\t\t\t\t\t<div class=\"elementor-element elementor-element-90cf5c4 elementor-widget elementor-widget-image\" data-id=\"90cf5c4\" data-element_type=\"widget\" data-widget_type=\"image.default\">\n\t\t\t\t<div class=\"elementor-widget-container\">\n\t\t\t\t\t\t\t\t\t\t\t\t\t\t\t<img loading=\"lazy\" decoding=\"async\" width=\"200\" height=\"250\" src=\"https:\/\/aipt.jptechnologiesllc.com\/es\/wp-content\/uploads\/2024\/05\/IMG_1900-1-qn5dmxg18wk0ysvve0y0p2z2lc3j7w9pojw7oe1nlw-1.jpg\" class=\"attachment-full size-full wp-image-2007\" alt=\"\" style=\"width:100%;height:125%;max-width:200px\" \/>\t\t\t\t\t\t\t\t\t\t\t\t\t\t\t<\/div>\n\t\t\t\t<\/div>\n\t\t\t\t<div class=\"elementor-element elementor-element-11e293a elementor-widget elementor-widget-html\" data-id=\"11e293a\" data-element_type=\"widget\" data-widget_type=\"html.default\">\n\t\t\t\t<div class=\"elementor-widget-container\">\n\t\t\t<div class=\"about-sec\">\n  <div class=\"row\">\n    <div class=\"col-md-12\">\n      <div class=\"heading\">\n        Elizabeth, B.A., M.S.-ABA, PM.S-ABA, CFO \n      <\/div>\n      <div class=\"para\">\n        Elizabeth, CFO estudi\u00f3 Educaci\u00f3n Diferencial con menci\u00f3n en Retraso Mental y Anormalidades Visuales en la Universidad de Concepci\u00f3n, Chile. Se mud\u00f3 a EE. UU. y asisti\u00f3 a la Universidad de Indiana Sureste, donde fue invitada a ser parte de Kappa Delta PI, Sociedad Internacional de Honor y se gradu\u00f3 con honores con licenciatura en el a\u00f1o 2000 de la Universidad de Oglethorpe, que tambi\u00e9n fue invitada a ser parte de Phi Beta Delta. La Sociedad Internacional de Honor, Oglethorpe y Awards University forman parte de la Lista del Decano en la cual ella  recibio la Beca Lanier para terminar sus estudios.\n\n      <\/div>\n      <div class=\"para\">\n        Elizabeth comenz\u00f3 a trabajar en el a\u00f1o 2000 en el Programa de Intervenci\u00f3n Temprana, Los Beb\u00e9s No Pueden Esperar. En 2001, Elizabeth complet\u00f3 el destacado proyecto de aprendizaje individual para el desarrollo t\u00edpico y at\u00edpico para el proyecto SCEI, que fue reconocido por el director asociado y con copia al Coordinador de IE de la Divisi\u00f3n de Salud P\u00fablica del Departamento de Recursos Humanos.\n\n      <\/div>\n      <div class=\"para\">\n       En 2002, Elizabeth complet\u00f3 el proyecto de 2 a\u00f1os SCEI (intervencionistas tempranos calificados y acreditados) con instituciones colaboradoras, Clark University, Georgia Collage and State University, Georgia Southern University, Medical College of Georgia, North Georgia College and State University y University of Georgia. En 2002, Elizabeth fue elegible por el estado de Georgia para inscribirse en el DMA, Programa de gesti\u00f3n de casos de intervenci\u00f3n temprana. Elizabeth comenz\u00f3 a ser parte del equipo de evaluaci\u00f3n de elegibilidad de Babies Cannot Wait, tambi\u00e9n trabaj\u00f3 como Coordinadora de Servicios,encargada de los  Terapeutas F\u00edsicos, Terapeutas Ocupacionales, Terapeutas del Habla e Instructores Especiales. En el mismo a\u00f1o, Elizabeth complet\u00f3 el nivel intermedio en Intervenci\u00f3n de Evaluaci\u00f3n Motora Oral presentado por Debra Beckman. En 2003, paralelamente a su trabajo actual, Babies Cannot Wait le ofreci\u00f3 a Elizabeth el puesto de Coordinadora de Admisi\u00f3n para los condados de Gwinnett, Newton y Rockdale. Durante estos a\u00f1os Elizabeth experiment\u00f3 trabajar con ni\u00f1os con diferentes retrasos y diagn\u00f3sticos.\n\n      <\/div>\n      \n       <div class=\"para\">\n        Tambi\u00e9n durante estos a\u00f1os Elizabeth ayud\u00f3 a los ni\u00f1os con m\u00faltiples reuniones de transici\u00f3n del IEP en el sistema escolar. En 2004, Elizabeth comenz\u00f3 su certificaci\u00f3n en Integraci\u00f3n Sensorial en Sensory Integration International, THE AYNES CLINIC. En 2007, comenz\u00f3 su programa de enfermer\u00eda registrada en Georgia Perimeter College, donde estubo en la Lista del Decano y la invitaron a unirse a la Sociedad de Honor Internacional Phi Theta Kappa. En 2008, Elizabeth decidi\u00f3 unirse a Atlanta International PT Inc como administradora de casos. Elizabeth ampli\u00f3 su educaci\u00f3n en el \u00e1rea de intervenci\u00f3n temprana asistiendo a cursos de educaci\u00f3n continua, dirigiendo servicios en la cl\u00ednica y brindando consultas y asistencia a familias en AIPT. En 2020, Elizabeth termin\u00f3 su maestr\u00eda en ciencias en An\u00e1lisis de Conducta Aplicado (MS-ABA), de la Escuela de Psicolog\u00eda Profesional de Chicago con honores y complet\u00f3 la propuesta de proyecto aplicado sobre Capacitaci\u00f3n de Padres para implementar un protocolo de alimentaci\u00f3n espec\u00edfico con ni\u00f1os con trastorno del espectro autista a trav\u00e9s de dos evaluaciones de an\u00e1lisis funcional en ambos. idiomas (ingl\u00e9s y espa\u00f1ol) durante la pandemia. En 2022, Elizabeth acept\u00f3 el puesto de directora financiera de AIPT. En abril 2024 Elizabeth finalizo su post-maestr\u00eda en ABA, en la cual curso un semestre de management en organizacion del comportatiento, en el cual obtuvo el grado maximo en su proyector final. En estos momento ella tambien capacita profesionales para una organizaci\u00f3n sin fines de lucro en Chile.\n      <\/div>\n      \n    <\/div>\n  <\/div>\n<\/div>\t\t<\/div>\n\t\t\t\t<\/div>\n\t\t\t\t\t<\/div>\n\t\t<\/div>\n\t\t\t\t\t\t\t<\/div>\n\t\t<\/section>\n\t\t\t\t\t\t\t<\/div>\n\t\t","protected":false},"excerpt":{"rendered":"<p>Elizabeth, B.A., M.S.-ABA, PM.S-ABA, CFO Elizabeth, CFO estudi\u00f3 Educaci\u00f3n Diferencial con menci\u00f3n en Retraso Mental y Anormalidades Visuales en la Universidad de Concepci\u00f3n, Chile. Se mud\u00f3 a EE. UU. y asisti\u00f3 a la Universidad de Indiana Sureste, donde fue invitada a ser parte de Kappa Delta PI, Sociedad Internacional de Honor y se gradu\u00f3 con&hellip; <a class=\"more-link\" href=\"https:\/\/aipt.jptechnologiesllc.com\/es\/meet-our-cfo\/\">Continue reading <span class=\"screen-reader-text\">Meet our CFO<\/span><\/a><\/p>\n","protected":false},"author":1,"featured_media":0,"parent":0,"menu_order":0,"comment_status":"closed","ping_status":"closed","template":"elementor_header_footer","meta":{"footnotes":""},"post_mailing_queue_ids":[],"_links":{"self":[{"href":"https:\/\/aipt.jptechnologiesllc.com\/es\/wp-json\/wp\/v2\/pages\/1252"}],"collection":[{"href":"https:\/\/aipt.jptechnologiesllc.com\/es\/wp-json\/wp\/v2\/pages"}],"about":[{"href":"https:\/\/aipt.jptechnologiesllc.com\/es\/wp-json\/wp\/v2\/types\/page"}],"author":[{"embeddable":true,"href":"https:\/\/aipt.jptechnologiesllc.com\/es\/wp-json\/wp\/v2\/users\/1"}],"replies":[{"embeddable":true,"href":"https:\/\/aipt.jptechnologiesllc.com\/es\/wp-json\/wp\/v2\/comments?post=1252"}],"version-history":[{"count":32,"href":"https:\/\/aipt.jptechnologiesllc.com\/es\/wp-json\/wp\/v2\/pages\/1252\/revisions"}],"predecessor-version":[{"id":2013,"href":"https:\/\/aipt.jptechnologiesllc.com\/es\/wp-json\/wp\/v2\/pages\/1252\/revisions\/2013"}],"wp:attachment":[{"href":"https:\/\/aipt.jptechnologiesllc.com\/es\/wp-json\/wp\/v2\/media?parent=1252"}],"curies":[{"name":"wp","href":"https:\/\/api.w.org\/{rel}","templated":true}]}}