{"id":1258,"date":"2023-10-03T13:48:54","date_gmt":"2023-10-03T13:48:54","guid":{"rendered":"https:\/\/aipt.jptechnologiesllc.com\/es\/?page_id=1258"},"modified":"2024-05-28T05:33:56","modified_gmt":"2024-05-28T05:33:56","slug":"meet-our-administrative-staff","status":"publish","type":"page","link":"https:\/\/aipt.jptechnologiesllc.com\/es\/meet-our-administrative-staff\/","title":{"rendered":"Meet our Administrative Staff"},"content":{"rendered":"\t\t<div data-elementor-type=\"wp-page\" data-elementor-id=\"1258\" class=\"elementor elementor-1258\">\n\t\t\t\t\t\t\t\t\t<section class=\"elementor-section elementor-top-section elementor-element elementor-element-cc9c007 elementor-section-full_width elementor-section-height-default elementor-section-height-default\" data-id=\"cc9c007\" data-element_type=\"section\" data-settings=\"{&quot;background_background&quot;:&quot;classic&quot;}\">\n\t\t\t\t\t\t<div class=\"elementor-container elementor-column-gap-default\">\n\t\t\t\t\t<div class=\"elementor-column elementor-col-100 elementor-top-column elementor-element elementor-element-296a58b\" data-id=\"296a58b\" data-element_type=\"column\">\n\t\t\t<div class=\"elementor-widget-wrap elementor-element-populated\">\n\t\t\t\t\t\t\t\t<div class=\"elementor-element elementor-element-8f042ad elementor-tabs-alignment-center elementor-tabs-view-horizontal elementor-widget elementor-widget-tabs\" data-id=\"8f042ad\" data-element_type=\"widget\" data-widget_type=\"tabs.default\">\n\t\t\t\t<div class=\"elementor-widget-container\">\n\t\t\t\t\t<div class=\"elementor-tabs\">\n\t\t\t<div class=\"elementor-tabs-wrapper\" role=\"tablist\" >\n\t\t\t\t\t\t\t\t\t<div id=\"elementor-tab-title-1491\" class=\"elementor-tab-title elementor-tab-desktop-title\" aria-selected=\"true\" data-tab=\"1\" role=\"tab\" tabindex=\"0\" aria-controls=\"elementor-tab-content-1491\" aria-expanded=\"false\">Personal de oficina<\/div>\n\t\t\t\t\t\t\t<\/div>\n\t\t\t<div class=\"elementor-tabs-content-wrapper\" role=\"tablist\" aria-orientation=\"vertical\">\n\t\t\t\t\t\t\t\t\t<div class=\"elementor-tab-title elementor-tab-mobile-title\" aria-selected=\"true\" data-tab=\"1\" role=\"tab\" tabindex=\"0\" aria-controls=\"elementor-tab-content-1491\" aria-expanded=\"false\">Personal de oficina<\/div>\n\t\t\t\t\t<div id=\"elementor-tab-content-1491\" class=\"elementor-tab-content elementor-clearfix\" data-tab=\"1\" role=\"tabpanel\" aria-labelledby=\"elementor-tab-title-1491\" tabindex=\"0\" hidden=\"false\"><!--start-->\n<div class=\"about-sec\">\n  <div class=\"row\">\n  <div class=\"col-md-12\">\n  <div class=\"staff-box\">\n  <div class=\"staff-boxa\">\n  <div class=\"box-img\"><img decoding=\"async\" src=\"\/wp-content\/uploads\/2023\/02\/karen-1.jpg\" alt=\"\" \/><\/div>\n  <div class=\"box-title\">Karen<\/div>\n  <div class=\"box-title\">Coordinador de Oratoria y Programador<\/div>\n  <div class=\"box-para\">Karen es nuestra administradora de horarios de pacientes biling\u00fces. <span id=\"readMore-show\"><\/span>Forma parte de AIPT desde 2018. Le gusta andar en veh\u00edculos todo terreno con su familia y amigos, pasa los fines de semana con sus hijos en partidos de f\u00fatbol.<\/div>\n  <div class=\"box-btn\"><a>LEER M\u00c1S<\/a><\/div>\n  <\/div>\n  <div class=\"staff-boxa\">\n  <div class=\"box-img\"><img decoding=\"async\" src=\"\/wp-content\/uploads\/2023\/02\/ann.jpg\" alt=\"\" \/><\/div>\n  <div class=\"box-title\">Ann<\/div>\n  <div class=\"box-title\">Especialista en facturaci\u00f3n de seguros<\/div>\n  <div class=\"box-para\">Ann se gradu\u00f3 con una licenciatura en Biolog\u00eda de la Universidad<\/div>\n  <span id=\"readMore-show\">Estatal Western Mindanao en Filipinas y ha establecido su residencia en los EE. UU. UU. con su familia durante 17 a\u00f1os.Le gusta trabajar para AIPT como especialista en facturaci\u00f3n de seguros. A Ann le encanta salir por la noche de karaoke con compa\u00f1eros de trabajo y amigos.<\/span>\n  <div class=\"box-btn\"><a>LEER M\u00c1S<\/a><\/div>\n  <\/div>\n  <div class=\"staff-boxa\">\n  <div class=\"box-img\"><img decoding=\"async\" src=\"\/wp-content\/uploads\/2023\/02\/Jane.jpg\" alt=\"\" \/><\/div>\n  <div class=\"box-title\">Mary Jane<\/div>\n  <div class=\"box-title\">Responsable de recepci\u00f3n del AIPT<\/div>\n  <div class=\"box-para\">Mary Jane se gradu\u00f3 como Licenciada en Ciencias de la Computaci\u00f3n de la Universidad Adamson en Manila, Filipinas.\n  <span id=\"readMore-show\"> Le gusta ir de compras, hacer caminatas, viajar y hacer karaoke con amigos y familiares.Forma parte de la cl\u00ednica AIPT desde hace 5 a\u00f1os. Su lema favorito,\u201cLa acci\u00f3n habla m\u00e1s que las palabras\u201d, se aplica mientras enfrenta sus tareas y esfuerzos diarios como gerente de recepci\u00f3n de AIPT.<\/span><\/div>\n  <div class=\"box-btn\"><a>LEER M\u00c1S<\/a><\/div>\n  <\/div>\n  <div class=\"staff-boxa\">\n  <div class=\"box-img\"><img decoding=\"async\" src=\"\/wp-content\/uploads\/2023\/10\/DSC-1857.jpg\" alt=\"\" \/><\/div>\n  <div class=\"box-title\">Heidy<\/div>\n  <div class=\"box-title\">Administrador de recepci\u00f3n<\/div>\n  <div class=\"box-para\">Heidy fue a la Universidad de Georgia. <span id=\"readMore-show\"> Durante su tiempo libre le gusta pasar tiempo con su familia.<\/span><\/div>\n  <div class=\"box-btn\"><a>LEER M\u00c1S<\/a><\/div>\n  <\/div>\n  <div class=\"staff-boxa\">\n  <div class=\"box-img\"><img decoding=\"async\" src=\"\/wp-content\/uploads\/2024\/05\/Frame-38.png\" alt=\"\" \/><\/div>\n  <div class=\"box-title\">Juany<\/div>\n  <div class=\"box-title\">Departamento de Negocios<\/div>\n  <div class=\"box-para\">Juany trabaj\u00f3 en el departamento comercial de la Marina en su pa\u00eds natal durante 20 a\u00f1os.\n  <span id=\"readMore-show\">Le gusta decorar, viajar y pasar tiempo con su familia.<\/span><\/div>\n  <div class=\"box-btn\"><a>LEER M\u00c1S<\/a><\/div>\n  <\/div>\n  <div class=\"staff-boxa\">\n  <div class=\"box-img\"><img decoding=\"async\" src=\"\/wp-content\/uploads\/2024\/05\/brandita.png\" alt=\"\" \/><\/div>\n  <div class=\"box-title\">Brendita<\/div>\n  <div class=\"box-title\">Responsable del Departamento de Limpieza<\/div>\n  <div class=\"box-para\">Brendata Gerente del Departamento de Limpieza.\n  <span id=\"readMore-show\">Ha trabajado con AIPT durante muchos a\u00f1os, quien es responsable de garantizar que todas las \u00e1reas de la cl\u00ednica se mantengan limpias y desinfectadas.<\/span><\/div>\n  <div class=\"box-btn\"><a>LEER M\u00c1S<\/a><\/div>\n  <\/div>\n  <div class=\"staff-boxa\">\n    <div class=\"box-img\"><img decoding=\"async\" src=\"\/wp-content\/uploads\/2024\/05\/Frame-351.png\" alt=\"\"><\/div>\n    <div class=\"box-title\">Mariel<\/div>\n    <div class=\"box-title\">Recepcionista de entrada<\/div>\n    <div class=\"box-para\">Mariel Recepcionista de recepci\u00f3n Mariel es nuestra recepcionista\n    espa\u00f1ola y ayuda con la programaci\u00f3n.\n    <span id=\"readMore-show\">Le gusta escalar, patinar, viajar y le encantan los\n    k-dramas.<\/span><\/div>\n    <div class=\"box-btn\"><a>LEER M\u00c1S<\/a><\/div>\n    <\/div>\n  <\/div>\n  <\/div>\n  <\/div>\n  <!--end-->\n  \n  <\/div><\/div>\n\t\t\t\t\t\t\t<\/div>\n\t\t<\/div>\n\t\t\t\t<\/div>\n\t\t\t\t<\/div>\n\t\t\t\t\t<\/div>\n\t\t<\/div>\n\t\t\t\t\t\t\t<\/div>\n\t\t<\/section>\n\t\t\t\t\t\t\t<\/div>\n\t\t","protected":false},"excerpt":{"rendered":"<p>Personal de oficina Personal de oficina Karen Coordinador de Oratoria y Programador Karen es nuestra administradora de horarios de pacientes biling\u00fces. Forma parte de AIPT desde 2018. Le gusta andar en veh\u00edculos todo terreno con su familia y amigos, pasa los fines de semana con sus hijos en partidos de f\u00fatbol. LEER M\u00c1S Ann Especialista&hellip; <a class=\"more-link\" href=\"https:\/\/aipt.jptechnologiesllc.com\/es\/meet-our-administrative-staff\/\">Continue reading <span class=\"screen-reader-text\">Meet our Administrative Staff<\/span><\/a><\/p>\n","protected":false},"author":1,"featured_media":0,"parent":0,"menu_order":0,"comment_status":"closed","ping_status":"closed","template":"elementor_header_footer","meta":{"footnotes":""},"post_mailing_queue_ids":[],"_links":{"self":[{"href":"https:\/\/aipt.jptechnologiesllc.com\/es\/wp-json\/wp\/v2\/pages\/1258"}],"collection":[{"href":"https:\/\/aipt.jptechnologiesllc.com\/es\/wp-json\/wp\/v2\/pages"}],"about":[{"href":"https:\/\/aipt.jptechnologiesllc.com\/es\/wp-json\/wp\/v2\/types\/page"}],"author":[{"embeddable":true,"href":"https:\/\/aipt.jptechnologiesllc.com\/es\/wp-json\/wp\/v2\/users\/1"}],"replies":[{"embeddable":true,"href":"https:\/\/aipt.jptechnologiesllc.com\/es\/wp-json\/wp\/v2\/comments?post=1258"}],"version-history":[{"count":23,"href":"https:\/\/aipt.jptechnologiesllc.com\/es\/wp-json\/wp\/v2\/pages\/1258\/revisions"}],"predecessor-version":[{"id":2017,"href":"https:\/\/aipt.jptechnologiesllc.com\/es\/wp-json\/wp\/v2\/pages\/1258\/revisions\/2017"}],"wp:attachment":[{"href":"https:\/\/aipt.jptechnologiesllc.com\/es\/wp-json\/wp\/v2\/media?parent=1258"}],"curies":[{"name":"wp","href":"https:\/\/api.w.org\/{rel}","templated":true}]}}