{"id":1273,"date":"2023-10-03T13:57:36","date_gmt":"2023-10-03T13:57:36","guid":{"rendered":"https:\/\/aipt.jptechnologiesllc.com\/es\/?page_id=1273"},"modified":"2024-05-14T19:21:46","modified_gmt":"2024-05-14T19:21:46","slug":"aquatic-therapy","status":"publish","type":"page","link":"https:\/\/aipt.jptechnologiesllc.com\/es\/aquatic-therapy\/","title":{"rendered":"Aquatic Therapy"},"content":{"rendered":"\t\t<div data-elementor-type=\"wp-page\" data-elementor-id=\"1273\" class=\"elementor elementor-1273\">\n\t\t\t\t\t\t\t\t\t<section class=\"elementor-section elementor-top-section elementor-element elementor-element-5e6dafe elementor-section-boxed elementor-section-height-default elementor-section-height-default\" data-id=\"5e6dafe\" data-element_type=\"section\">\n\t\t\t\t\t\t<div class=\"elementor-container elementor-column-gap-default\">\n\t\t\t\t\t<div class=\"elementor-column elementor-col-100 elementor-top-column elementor-element elementor-element-9d5d3fe\" data-id=\"9d5d3fe\" data-element_type=\"column\">\n\t\t\t<div class=\"elementor-widget-wrap\">\n\t\t\t\t\t\t\t\t\t<\/div>\n\t\t<\/div>\n\t\t\t\t\t\t\t<\/div>\n\t\t<\/section>\n\t\t\t\t<section class=\"elementor-section elementor-top-section elementor-element elementor-element-311c143 elementor-section-boxed elementor-section-height-default elementor-section-height-default\" data-id=\"311c143\" data-element_type=\"section\">\n\t\t\t\t\t\t<div class=\"elementor-container elementor-column-gap-default\">\n\t\t\t\t\t<div class=\"elementor-column elementor-col-100 elementor-top-column elementor-element elementor-element-4c26473\" data-id=\"4c26473\" data-element_type=\"column\">\n\t\t\t<div class=\"elementor-widget-wrap elementor-element-populated\">\n\t\t\t\t\t\t\t\t<div class=\"elementor-element elementor-element-57b9a65 elementor-widget elementor-widget-html\" data-id=\"57b9a65\" data-element_type=\"widget\" data-widget_type=\"html.default\">\n\t\t\t\t<div class=\"elementor-widget-container\">\n\t\t\t<div class=\"about-sec\">\n  <div class=\"row\">\n    <div class=\"col-md-12\">\n      <div class=\"heading\">\n        T\u00e9cnicas practicadas\n\n      <\/div>\n      <div class=\"para\">\n      Bad Ragaz se origin\u00f3 en Alemania en 1957 y es un m\u00e9todo de reeducaci\u00f3n muscular que utiliza patrones espec\u00edficos de resistencia, elongaci\u00f3n, relajaci\u00f3n, variedad de emociones y reducci\u00f3n tonal. La Facilitaci\u00f3n Neuromuscular Propioceptiva (FNP) es un enfoque destinado a mejorar las habilidades motoras. Los ejercicios consisten en patrones en espiral y diagonales y deben incorporar todos los componentes del movimiento. Ai Chi es una combinaci\u00f3n de respiraci\u00f3n profunda, movimientos lentos y amplios de brazos, piernas y torso utilizando conceptos de Tai Chi, Shiatsu y Qigong. Ai Chi se realiza de pie en agua hasta los hombros y con una temperatura ideal de piscina de 88F y 96F.\n      <\/div>\n    <\/div>\n  <\/div>\n<\/div>\t\t<\/div>\n\t\t\t\t<\/div>\n\t\t\t\t<div class=\"elementor-element elementor-element-a6877cc elementor-widget elementor-widget-html\" data-id=\"a6877cc\" data-element_type=\"widget\" data-widget_type=\"html.default\">\n\t\t\t\t<div class=\"elementor-widget-container\">\n\t\t\t<div class=\"about-sec\">\n  <div class=\"row\">\n    <div class=\"col-md-12\">\n      <div class=\"heading\">Terapia Acu\u00e1tica\n      <\/div>\n      <div class=\"para\">\n      Las propiedades \u00fanicas de un ambiente acu\u00e1tico brindan opciones de tratamiento que ser\u00edan dif\u00edciles o imposibles en tierra. Nuestra piscina ofrece un excelente ejercicio aer\u00f3bico de bajo impacto beneficioso para poblaci\u00f3n pedi\u00e1trica , adulta y geriatrica, condiciones neurol\u00f3gicas, cardiopulmonares y condiciones ortop\u00e9dicas. Nuestra Terapia Acu\u00e1tica se ofrece en nuestra piscina cubierta de agua salada climatizada de 18 pies x 20 pies. El paciente estar\u00e1 acompa\u00f1ado por uno de nuestros terapeutas. Despues de la terapia aquatica  el paciente puede utilizar una de nuestras duchas hubicadas en la clinica.\n\n      <\/div>\n    <\/div>\n  <\/div>\n<\/div>\t\t<\/div>\n\t\t\t\t<\/div>\n\t\t\t\t\t<\/div>\n\t\t<\/div>\n\t\t\t\t\t\t\t<\/div>\n\t\t<\/section>\n\t\t\t\t\t\t\t<\/div>\n\t\t","protected":false},"excerpt":{"rendered":"<p>T\u00e9cnicas practicadas Bad Ragaz se origin\u00f3 en Alemania en 1957 y es un m\u00e9todo de reeducaci\u00f3n muscular que utiliza patrones espec\u00edficos de resistencia, elongaci\u00f3n, relajaci\u00f3n, variedad de emociones y reducci\u00f3n tonal. La Facilitaci\u00f3n Neuromuscular Propioceptiva (FNP) es un enfoque destinado a mejorar las habilidades motoras. Los ejercicios consisten en patrones en espiral y diagonales y&hellip; <a class=\"more-link\" href=\"https:\/\/aipt.jptechnologiesllc.com\/es\/aquatic-therapy\/\">Continue reading <span class=\"screen-reader-text\">Aquatic Therapy<\/span><\/a><\/p>\n","protected":false},"author":1,"featured_media":0,"parent":0,"menu_order":0,"comment_status":"closed","ping_status":"closed","template":"elementor_header_footer","meta":{"footnotes":""},"post_mailing_queue_ids":[],"_links":{"self":[{"href":"https:\/\/aipt.jptechnologiesllc.com\/es\/wp-json\/wp\/v2\/pages\/1273"}],"collection":[{"href":"https:\/\/aipt.jptechnologiesllc.com\/es\/wp-json\/wp\/v2\/pages"}],"about":[{"href":"https:\/\/aipt.jptechnologiesllc.com\/es\/wp-json\/wp\/v2\/types\/page"}],"author":[{"embeddable":true,"href":"https:\/\/aipt.jptechnologiesllc.com\/es\/wp-json\/wp\/v2\/users\/1"}],"replies":[{"embeddable":true,"href":"https:\/\/aipt.jptechnologiesllc.com\/es\/wp-json\/wp\/v2\/comments?post=1273"}],"version-history":[{"count":11,"href":"https:\/\/aipt.jptechnologiesllc.com\/es\/wp-json\/wp\/v2\/pages\/1273\/revisions"}],"predecessor-version":[{"id":1903,"href":"https:\/\/aipt.jptechnologiesllc.com\/es\/wp-json\/wp\/v2\/pages\/1273\/revisions\/1903"}],"wp:attachment":[{"href":"https:\/\/aipt.jptechnologiesllc.com\/es\/wp-json\/wp\/v2\/media?parent=1273"}],"curies":[{"name":"wp","href":"https:\/\/api.w.org\/{rel}","templated":true}]}}