{"id":14,"date":"2023-02-22T06:33:43","date_gmt":"2023-02-22T06:33:43","guid":{"rendered":"https:\/\/aipt.jptechnologiesllc.com\/es\/?page_id=14"},"modified":"2024-05-14T19:14:02","modified_gmt":"2024-05-14T19:14:02","slug":"occupational","status":"publish","type":"page","link":"https:\/\/aipt.jptechnologiesllc.com\/es\/occupational\/","title":{"rendered":"Occupational"},"content":{"rendered":"\t\t<div data-elementor-type=\"wp-page\" data-elementor-id=\"14\" class=\"elementor elementor-14\">\n\t\t\t\t\t\t\t\t\t<section class=\"elementor-section elementor-top-section elementor-element elementor-element-90bcfc9 elementor-section-boxed elementor-section-height-default elementor-section-height-default\" data-id=\"90bcfc9\" data-element_type=\"section\">\n\t\t\t\t\t\t<div class=\"elementor-container elementor-column-gap-default\">\n\t\t\t\t\t<div class=\"elementor-column elementor-col-100 elementor-top-column elementor-element elementor-element-f898cb7\" data-id=\"f898cb7\" data-element_type=\"column\">\n\t\t\t<div class=\"elementor-widget-wrap elementor-element-populated\">\n\t\t\t\t\t\t\t\t<div class=\"elementor-element elementor-element-e9f0770 elementor-widget elementor-widget-html\" data-id=\"e9f0770\" data-element_type=\"widget\" data-widget_type=\"html.default\">\n\t\t\t\t<div class=\"elementor-widget-container\">\n\t\t\t<div class=\"about-sec\">\n  <div class=\"row\">\n    <div class=\"col-md-12\">\n      <div class=\"heading\">\n        Terapia ocupacional\n      <\/div>\n      <div class=\"para\">\n       El objetivo principal de nuestros terapeutas ocupacionales es trabajar con personas y familias para ayudarlos a participar en actividades de la vida cotidiana. Nuestros terapeutas tienen muchos a\u00f1os de experiencia con diferentes tipos de discapacidades, como: autismo, deficiencias sensoriales, trastornos gen\u00e9ticos, propiocepci\u00f3n, comportamiento, problemas de textura con la comida, motricidad fina y retrasos en el desarrollo.\n      <\/div>\n      <div class=\"para\">\n        La Terapia Ocupacional implica que el terapeuta aborde el impacto de los factores sociales y ambientales mejorando la capacidad del individuo para participar: modificando el entorno, adaptando actividades para apoyar mejor la participaci\u00f3n y facilitando la rehabilitaci\u00f3n f\u00edsica o mental para maximizar sus habilidades. \n      <\/div>\n    <\/div>\n  <\/div>\n<\/div>\t\t<\/div>\n\t\t\t\t<\/div>\n\t\t\t\t\t<\/div>\n\t\t<\/div>\n\t\t\t\t\t\t\t<\/div>\n\t\t<\/section>\n\t\t\t\t\t\t\t<\/div>\n\t\t","protected":false},"excerpt":{"rendered":"<p>Terapia ocupacional El objetivo principal de nuestros terapeutas ocupacionales es trabajar con personas y familias para ayudarlos a participar en actividades de la vida cotidiana. Nuestros terapeutas tienen muchos a\u00f1os de experiencia con diferentes tipos de discapacidades, como: autismo, deficiencias sensoriales, trastornos gen\u00e9ticos, propiocepci\u00f3n, comportamiento, problemas de textura con la comida, motricidad fina y retrasos&hellip; <a class=\"more-link\" href=\"https:\/\/aipt.jptechnologiesllc.com\/es\/occupational\/\">Continue reading <span class=\"screen-reader-text\">Occupational<\/span><\/a><\/p>\n","protected":false},"author":1,"featured_media":0,"parent":0,"menu_order":0,"comment_status":"closed","ping_status":"closed","template":"elementor_header_footer","meta":{"footnotes":""},"post_mailing_queue_ids":[],"_links":{"self":[{"href":"https:\/\/aipt.jptechnologiesllc.com\/es\/wp-json\/wp\/v2\/pages\/14"}],"collection":[{"href":"https:\/\/aipt.jptechnologiesllc.com\/es\/wp-json\/wp\/v2\/pages"}],"about":[{"href":"https:\/\/aipt.jptechnologiesllc.com\/es\/wp-json\/wp\/v2\/types\/page"}],"author":[{"embeddable":true,"href":"https:\/\/aipt.jptechnologiesllc.com\/es\/wp-json\/wp\/v2\/users\/1"}],"replies":[{"embeddable":true,"href":"https:\/\/aipt.jptechnologiesllc.com\/es\/wp-json\/wp\/v2\/comments?post=14"}],"version-history":[{"count":8,"href":"https:\/\/aipt.jptechnologiesllc.com\/es\/wp-json\/wp\/v2\/pages\/14\/revisions"}],"predecessor-version":[{"id":1897,"href":"https:\/\/aipt.jptechnologiesllc.com\/es\/wp-json\/wp\/v2\/pages\/14\/revisions\/1897"}],"wp:attachment":[{"href":"https:\/\/aipt.jptechnologiesllc.com\/es\/wp-json\/wp\/v2\/media?parent=14"}],"curies":[{"name":"wp","href":"https:\/\/api.w.org\/{rel}","templated":true}]}}