{"id":1408,"date":"2023-10-04T10:24:46","date_gmt":"2023-10-04T10:24:46","guid":{"rendered":"https:\/\/aipt.jptechnologiesllc.com\/es\/?page_id=1408"},"modified":"2023-11-18T10:10:16","modified_gmt":"2023-11-18T10:10:16","slug":"meeting-the-office-manager","status":"publish","type":"page","link":"https:\/\/aipt.jptechnologiesllc.com\/es\/meeting-the-office-manager\/","title":{"rendered":"Meeting the Office Manager"},"content":{"rendered":"\t\t<div data-elementor-type=\"wp-page\" data-elementor-id=\"1408\" class=\"elementor elementor-1408\">\n\t\t\t\t\t\t\t\t\t<section class=\"elementor-section elementor-top-section elementor-element elementor-element-e6bc60e elementor-section-boxed elementor-section-height-default elementor-section-height-default\" data-id=\"e6bc60e\" data-element_type=\"section\">\n\t\t\t\t\t\t<div class=\"elementor-container elementor-column-gap-default\">\n\t\t\t\t\t<div class=\"elementor-column elementor-col-100 elementor-top-column elementor-element elementor-element-0688e0a\" data-id=\"0688e0a\" data-element_type=\"column\">\n\t\t\t<div class=\"elementor-widget-wrap elementor-element-populated\">\n\t\t\t\t\t\t\t\t<div class=\"elementor-element elementor-element-e6f9e40 elementor-widget elementor-widget-image\" data-id=\"e6f9e40\" data-element_type=\"widget\" data-widget_type=\"image.default\">\n\t\t\t\t<div class=\"elementor-widget-container\">\n\t\t\t\t\t\t\t\t\t\t\t\t\t\t\t<img decoding=\"async\" src=\"https:\/\/aipt.jptechnologiesllc.com\/es\/wp-content\/uploads\/2023\/02\/Jane.jpg\" title=\"\" alt=\"\" loading=\"lazy\" \/>\t\t\t\t\t\t\t\t\t\t\t\t\t\t\t<\/div>\n\t\t\t\t<\/div>\n\t\t\t\t\t<\/div>\n\t\t<\/div>\n\t\t\t\t\t\t\t<\/div>\n\t\t<\/section>\n\t\t\t\t<section class=\"elementor-section elementor-top-section elementor-element elementor-element-03a9773 elementor-section-stretched elementor-section-boxed elementor-section-height-default elementor-section-height-default\" data-id=\"03a9773\" data-element_type=\"section\" data-settings=\"{&quot;stretch_section&quot;:&quot;section-stretched&quot;}\">\n\t\t\t\t\t\t<div class=\"elementor-container elementor-column-gap-default\">\n\t\t\t\t\t<div class=\"elementor-column elementor-col-100 elementor-top-column elementor-element elementor-element-aaf28ba\" data-id=\"aaf28ba\" data-element_type=\"column\">\n\t\t\t<div class=\"elementor-widget-wrap elementor-element-populated\">\n\t\t\t\t\t\t\t\t<div class=\"elementor-element elementor-element-7fe9a3a elementor-widget elementor-widget-html\" data-id=\"7fe9a3a\" data-element_type=\"widget\" data-widget_type=\"html.default\">\n\t\t\t\t<div class=\"elementor-widget-container\">\n\t\t\t<div class=\"about-sec\">\n  <div class=\"row\">\n    <div class=\"col-md-12\">\n      <div class=\"heading\">\n        Mary Jane, directora de recepci\u00f3n de AIPT\n\n      <\/div>\n      <div class=\"para\">\n       Mary Jane se gradu\u00f3 como Licenciada en Ciencias de la Computaci\u00f3n de la Universidad Adamson en Manila, Filipinas. Le gusta ir de compras, hacer caminatas, viajar y hacer karaoke con amigos y familiares. Forma parte de la cl\u00ednica AIPT desde hace 5 a\u00f1os. Su lema favorito, \u201cLa acci\u00f3n habla m\u00e1s que las palabras\u201d, se aplica mientras enfrenta sus tareas y esfuerzos diarios como gerente de recepci\u00f3n de AIPT.\n      <\/div>\n      \n    <\/div>\n  <\/div>\n<\/div>\t\t<\/div>\n\t\t\t\t<\/div>\n\t\t\t\t\t<\/div>\n\t\t<\/div>\n\t\t\t\t\t\t\t<\/div>\n\t\t<\/section>\n\t\t\t\t\t\t\t<\/div>\n\t\t","protected":false},"excerpt":{"rendered":"<p>Mary Jane, directora de recepci\u00f3n de AIPT Mary Jane se gradu\u00f3 como Licenciada en Ciencias de la Computaci\u00f3n de la Universidad Adamson en Manila, Filipinas. Le gusta ir de compras, hacer caminatas, viajar y hacer karaoke con amigos y familiares. Forma parte de la cl\u00ednica AIPT desde hace 5 a\u00f1os. Su lema favorito, \u201cLa acci\u00f3n&hellip; <a class=\"more-link\" href=\"https:\/\/aipt.jptechnologiesllc.com\/es\/meeting-the-office-manager\/\">Continue reading <span class=\"screen-reader-text\">Meeting the Office Manager<\/span><\/a><\/p>\n","protected":false},"author":1,"featured_media":0,"parent":0,"menu_order":0,"comment_status":"closed","ping_status":"closed","template":"elementor_header_footer","meta":{"footnotes":""},"post_mailing_queue_ids":[],"_links":{"self":[{"href":"https:\/\/aipt.jptechnologiesllc.com\/es\/wp-json\/wp\/v2\/pages\/1408"}],"collection":[{"href":"https:\/\/aipt.jptechnologiesllc.com\/es\/wp-json\/wp\/v2\/pages"}],"about":[{"href":"https:\/\/aipt.jptechnologiesllc.com\/es\/wp-json\/wp\/v2\/types\/page"}],"author":[{"embeddable":true,"href":"https:\/\/aipt.jptechnologiesllc.com\/es\/wp-json\/wp\/v2\/users\/1"}],"replies":[{"embeddable":true,"href":"https:\/\/aipt.jptechnologiesllc.com\/es\/wp-json\/wp\/v2\/comments?post=1408"}],"version-history":[{"count":5,"href":"https:\/\/aipt.jptechnologiesllc.com\/es\/wp-json\/wp\/v2\/pages\/1408\/revisions"}],"predecessor-version":[{"id":1786,"href":"https:\/\/aipt.jptechnologiesllc.com\/es\/wp-json\/wp\/v2\/pages\/1408\/revisions\/1786"}],"wp:attachment":[{"href":"https:\/\/aipt.jptechnologiesllc.com\/es\/wp-json\/wp\/v2\/media?parent=1408"}],"curies":[{"name":"wp","href":"https:\/\/api.w.org\/{rel}","templated":true}]}}