{"id":16,"date":"2023-02-22T06:34:11","date_gmt":"2023-02-22T06:34:11","guid":{"rendered":"https:\/\/aipt.jptechnologiesllc.com\/es\/?page_id=16"},"modified":"2024-05-14T19:10:42","modified_gmt":"2024-05-14T19:10:42","slug":"speech","status":"publish","type":"page","link":"https:\/\/aipt.jptechnologiesllc.com\/es\/speech\/","title":{"rendered":"Speech"},"content":{"rendered":"\t\t<div data-elementor-type=\"wp-page\" data-elementor-id=\"16\" class=\"elementor elementor-16\">\n\t\t\t\t\t\t\t\t\t<section class=\"elementor-section elementor-top-section elementor-element elementor-element-5e6dafe elementor-section-boxed elementor-section-height-default elementor-section-height-default\" data-id=\"5e6dafe\" data-element_type=\"section\">\n\t\t\t\t\t\t<div class=\"elementor-container elementor-column-gap-default\">\n\t\t\t\t\t<div class=\"elementor-column elementor-col-100 elementor-top-column elementor-element elementor-element-9d5d3fe\" data-id=\"9d5d3fe\" data-element_type=\"column\">\n\t\t\t<div class=\"elementor-widget-wrap elementor-element-populated\">\n\t\t\t\t\t\t\t\t<div class=\"elementor-element elementor-element-a6877cc elementor-widget elementor-widget-html\" data-id=\"a6877cc\" data-element_type=\"widget\" data-widget_type=\"html.default\">\n\t\t\t\t<div class=\"elementor-widget-container\">\n\t\t\t<div class=\"about-sec\">\n  <div class=\"row\">\n    <div class=\"col-md-12\">\n      <div class=\"heading\">\n       Terapia del habla y del lenguaje\n\n      <\/div>\n      <div class=\"para\">\n      Nuestros terapeutas de lenguaje (SLP) trabajan con personas que tienen retrasos o trastornos del habla, el lenguaje (receptivo: la capacidad de comprender las palabras que se hablan; expresivo: la capacidad de usar palabras para expresarse), el pensamiento y la degluci\u00f3n. Nuestros SLP son capaces de prevenir, evaluar, diagnosticar y tratar ni\u00f1os con trastornos de articulaci\u00f3n, fonolog\u00eda, apraxia, lenguaje receptivo-expresivo, fluidez, voz, resonancia, degluci\u00f3n, alimentaci\u00f3n, motor oral, miofuncionales, craneofaciales y pragm\u00e1ticos. Tenemos experiencia y estamos capacitados para trabajar con ni\u00f1os que presentan trastorno del espectro autista (TEA), s\u00edndrome de Down, trastornos gen\u00e9ticos, anomal\u00edas craneofaciales, p\u00e9rdida de audici\u00f3n, trastornos motores del habla, trastornos cognitivos, empujes linguales y m\u00e1s. Nuestras instalaciones brindan terapia del habla en ingl\u00e9s y espa\u00f1ol. Int\u00e9rpretes disponibles para otros idiomas con previo aviso.\n      <\/div>\n    <\/div>\n  <\/div>\n<\/div>\t\t<\/div>\n\t\t\t\t<\/div>\n\t\t\t\t\t<\/div>\n\t\t<\/div>\n\t\t\t\t\t\t\t<\/div>\n\t\t<\/section>\n\t\t\t\t\t\t\t<\/div>\n\t\t","protected":false},"excerpt":{"rendered":"<p>Terapia del habla y del lenguaje Nuestros terapeutas de lenguaje (SLP) trabajan con personas que tienen retrasos o trastornos del habla, el lenguaje (receptivo: la capacidad de comprender las palabras que se hablan; expresivo: la capacidad de usar palabras para expresarse), el pensamiento y la degluci\u00f3n. Nuestros SLP son capaces de prevenir, evaluar, diagnosticar y&hellip; <a class=\"more-link\" href=\"https:\/\/aipt.jptechnologiesllc.com\/es\/speech\/\">Continue reading <span class=\"screen-reader-text\">Speech<\/span><\/a><\/p>\n","protected":false},"author":1,"featured_media":0,"parent":0,"menu_order":0,"comment_status":"closed","ping_status":"closed","template":"elementor_header_footer","meta":{"footnotes":""},"post_mailing_queue_ids":[],"_links":{"self":[{"href":"https:\/\/aipt.jptechnologiesllc.com\/es\/wp-json\/wp\/v2\/pages\/16"}],"collection":[{"href":"https:\/\/aipt.jptechnologiesllc.com\/es\/wp-json\/wp\/v2\/pages"}],"about":[{"href":"https:\/\/aipt.jptechnologiesllc.com\/es\/wp-json\/wp\/v2\/types\/page"}],"author":[{"embeddable":true,"href":"https:\/\/aipt.jptechnologiesllc.com\/es\/wp-json\/wp\/v2\/users\/1"}],"replies":[{"embeddable":true,"href":"https:\/\/aipt.jptechnologiesllc.com\/es\/wp-json\/wp\/v2\/comments?post=16"}],"version-history":[{"count":8,"href":"https:\/\/aipt.jptechnologiesllc.com\/es\/wp-json\/wp\/v2\/pages\/16\/revisions"}],"predecessor-version":[{"id":1893,"href":"https:\/\/aipt.jptechnologiesllc.com\/es\/wp-json\/wp\/v2\/pages\/16\/revisions\/1893"}],"wp:attachment":[{"href":"https:\/\/aipt.jptechnologiesllc.com\/es\/wp-json\/wp\/v2\/media?parent=16"}],"curies":[{"name":"wp","href":"https:\/\/api.w.org\/{rel}","templated":true}]}}