{"id":18,"date":"2023-02-22T06:34:38","date_gmt":"2023-02-22T06:34:38","guid":{"rendered":"https:\/\/aipt.jptechnologiesllc.com\/es\/?page_id=18"},"modified":"2023-11-20T09:01:10","modified_gmt":"2023-11-20T09:01:10","slug":"contact-us","status":"publish","type":"page","link":"https:\/\/aipt.jptechnologiesllc.com\/es\/contact-us\/","title":{"rendered":"Contact Us"},"content":{"rendered":"\t\t<div data-elementor-type=\"wp-page\" data-elementor-id=\"18\" class=\"elementor elementor-18\">\n\t\t\t\t\t\t\t\t\t<section class=\"elementor-section elementor-top-section elementor-element elementor-element-41e2b12 elementor-section-full_width elementor-section-stretched elementor-section-height-default elementor-section-height-default\" data-id=\"41e2b12\" data-element_type=\"section\" data-settings=\"{&quot;stretch_section&quot;:&quot;section-stretched&quot;,&quot;background_background&quot;:&quot;classic&quot;}\">\n\t\t\t\t\t\t<div class=\"elementor-container elementor-column-gap-default\">\n\t\t\t\t\t<div class=\"elementor-column elementor-col-100 elementor-top-column elementor-element elementor-element-3156b10\" data-id=\"3156b10\" data-element_type=\"column\">\n\t\t\t<div class=\"elementor-widget-wrap elementor-element-populated\">\n\t\t\t\t\t\t\t\t<div class=\"elementor-element elementor-element-090fdbb elementor-widget elementor-widget-html\" data-id=\"090fdbb\" data-element_type=\"widget\" data-widget_type=\"html.default\">\n\t\t\t\t<div class=\"elementor-widget-container\">\n\t\t\t<div class=\"ban-head\">\n    <div class=\"ban-tit\">Cont\u00e1ctenos\n\n    <\/div>\n    <p>Hablamos espa\u00f1ol<\/p>\n<\/div>\t\t<\/div>\n\t\t\t\t<\/div>\n\t\t\t\t\t<\/div>\n\t\t<\/div>\n\t\t\t\t\t\t\t<\/div>\n\t\t<\/section>\n\t\t\t\t<section class=\"elementor-section elementor-top-section elementor-element elementor-element-1b44b68 elementor-section-full_width elementor-section-height-default elementor-section-height-default\" data-id=\"1b44b68\" data-element_type=\"section\" data-settings=\"{&quot;background_background&quot;:&quot;classic&quot;}\">\n\t\t\t\t\t\t<div class=\"elementor-container elementor-column-gap-default\">\n\t\t\t\t\t<div class=\"elementor-column elementor-col-100 elementor-top-column elementor-element elementor-element-ec0543d\" data-id=\"ec0543d\" data-element_type=\"column\">\n\t\t\t<div class=\"elementor-widget-wrap elementor-element-populated\">\n\t\t\t\t\t\t\t\t<div class=\"elementor-element elementor-element-838cfae elementor-widget elementor-widget-html\" data-id=\"838cfae\" data-element_type=\"widget\" data-widget_type=\"html.default\">\n\t\t\t\t<div class=\"elementor-widget-container\">\n\t\t\t\n\n<div class=\"contact-content-wrapper \">\n    <div class=\"c-add contact-w\">\n        <div class=\"contact-us-container\">\n            <div>\n                <h3 class=\"contact-us-h\">Cont\u00e1ctenos\n<\/h3>\n                        <p>N\u00daMERO DE TEL\u00c9FONO\n\n<\/p>\n                        <a href=\"tel: 7706222532\">(770) 622-2532<\/a>\n                        <p>N\u00daMERO DE FAX\n\n<\/p>\n                        <a href=\"tel: 7706222532\">(770) 622-2534<\/a>\n                        <p>DIRECCI\u00d3N F\u00cdSICA\n\n<\/p>\n                        <a href=\"https:\/\/goo.gl\/maps\/r4C3cphpkk5g5vLT9\">3985 Steve Reynolds Blvd, Suite G, Norcross, GA 30093<\/a>\n                        <p>DIRECCI\u00d3N DE CORREO ELECTR\u00d3NICO\n\n<\/p>\n                        <a href=\"mailto:fax@atlantainternationatlpt.com\">fax@atlantainternationatlpt.com<\/a>\n            <\/div>\n        <\/div>\n    <\/div>\n    <div class=\"enquiry-form contact-w\">\n        <h3  class=\"enquiry-h\">Formulario de consulta\n<\/h3>\n        \n<div class=\"wpcf7 no-js\" id=\"wpcf7-f804-o1\" lang=\"en-US\" dir=\"ltr\">\n<div class=\"screen-reader-response\"><p role=\"status\" aria-live=\"polite\" aria-atomic=\"true\"><\/p> <ul><\/ul><\/div>\n<form action=\"\/es\/wp-json\/wp\/v2\/pages\/18#wpcf7-f804-o1\" method=\"post\" class=\"wpcf7-form init\" aria-label=\"Contact form\" novalidate=\"novalidate\" data-status=\"init\">\n<div style=\"display: none;\">\n<input type=\"hidden\" name=\"_wpcf7\" value=\"804\" \/>\n<input type=\"hidden\" name=\"_wpcf7_version\" value=\"5.7.3\" \/>\n<input type=\"hidden\" name=\"_wpcf7_locale\" value=\"en_US\" \/>\n<input type=\"hidden\" name=\"_wpcf7_unit_tag\" value=\"wpcf7-f804-o1\" \/>\n<input type=\"hidden\" name=\"_wpcf7_container_post\" value=\"0\" \/>\n<input type=\"hidden\" name=\"_wpcf7_posted_data_hash\" value=\"\" \/>\n<\/div>\n<p><span class=\"wpcf7-form-control-wrap\" data-name=\"text-306\"><input size=\"40\" class=\"wpcf7-form-control wpcf7-text wpcf7-validates-as-required name\" aria-required=\"true\" aria-invalid=\"false\" placeholder=\"Su nombre\" value=\"\" type=\"text\" name=\"text-306\" \/><\/span><br \/>\n<span class=\"wpcf7-form-control-wrap\" data-name=\"text-307\"><input size=\"40\" class=\"wpcf7-form-control wpcf7-text wpcf7-validates-as-required phone\" aria-required=\"true\" aria-invalid=\"false\" placeholder=\"Su n\u00famero de tel\u00e9fono\" value=\"\" type=\"text\" name=\"text-307\" \/><\/span><br \/>\n<span class=\"wpcf7-form-control-wrap\" data-name=\"text-308\"><input size=\"40\" class=\"wpcf7-form-control wpcf7-text wpcf7-validates-as-required email\" aria-required=\"true\" aria-invalid=\"false\" placeholder=\"Tu correo electr\u00f3nico\" value=\"\" type=\"text\" name=\"text-308\" \/><\/span>\n<\/p>\n<p><span class=\"wpcf7-form-control-wrap\" data-name=\"text-309\"><input size=\"40\" class=\"wpcf7-form-control wpcf7-text msg\" aria-invalid=\"false\" placeholder=\"Tu mensaje\" value=\"\" type=\"text\" name=\"text-309\" \/><\/span>\n<\/p>\n<p><input class=\"wpcf7-form-control has-spinner wpcf7-submit\" id=\"submit\" type=\"submit\" value=\"Enviar\" \/>\n<\/p><div class=\"wpcf7-response-output\" aria-hidden=\"true\"><\/div>\n<\/form>\n<\/div>\n\n    <\/div>\n    <div class=\"c-map contact-w\">\n        <iframe src=\"https:\/\/www.google.com\/maps\/embed?pb=!1m18!1m12!1m3!1d3310.1567771083555!2d-84.13707169999999!3d33.9370956!2m3!1f0!2f0!3f0!3m2!1i1024!2i768!4f13.1!3m3!1m2!1s0x88f5a370be5e4ae3%3A0x58a0819927823a85!2s3985%20Steve%20Reynolds%20Blvd%20BLDG%20G%2C%20Norcross%2C%20GA%2030093%2C%20USA!5e0!3m2!1sen!2sin!4v1677062656879!5m2!1sen!2sin\" width=\"600\" height=\"450\" style=\"border-radius: 50px; max-width: 100%; max-height: 284px;\" allowfullscreen=\"\" loading=\"lazy\" referrerpolicy=\"no-referrer-when-downgrade\"><\/iframe>\n    <\/div>\n    \n    <!--<div class=\"social-links c-social-links contact-w\">-->\n        \n    <!--    <a href=\"#\"> <img decoding=\"async\" src=\"https:\/\/aipt.jptechnologiesllc.com\/es\/wp-content\/uploads\/2023\/04\/Facebbok.png\"> <\/a>-->\n    <!--    <a href=\"#\"> <img decoding=\"async\" src=\"https:\/\/aipt.jptechnologiesllc.com\/es\/wp-content\/uploads\/2023\/04\/Twitter.png\">  <\/a>-->\n    <!--    <a href=\"#\"> <img decoding=\"async\" src=\"https:\/\/aipt.jptechnologiesllc.com\/es\/wp-content\/uploads\/2023\/04\/Instagram.png\"> <\/a>-->\n    <!--    <a href=\"#\"> <img decoding=\"async\" src=\"https:\/\/aipt.jptechnologiesllc.com\/es\/wp-content\/uploads\/2023\/04\/Pinterest.png \"><\/a>-->\n    <!--<\/div>-->\n    \n    <!-- <div class=\"c-add contact-w\">\n        <div class=\"contact-us-container\">\n            <div>\n                <h3 class=\"contact-us-h\">Hablamos espa\u00f1ol<\/h3>\n                        \n            <\/div>\n        <\/div>\n    <\/div> -->\n<\/div>\t\t<\/div>\n\t\t\t\t<\/div>\n\t\t\t\t\t<\/div>\n\t\t<\/div>\n\t\t\t\t\t\t\t<\/div>\n\t\t<\/section>\n\t\t\t\t\t\t\t<\/div>\n\t\t","protected":false},"excerpt":{"rendered":"<p>Cont\u00e1ctenos Hablamos espa\u00f1ol Cont\u00e1ctenos N\u00daMERO DE TEL\u00c9FONO (770) 622-2532 N\u00daMERO DE FAX (770) 622-2534 DIRECCI\u00d3N F\u00cdSICA 3985 Steve Reynolds Blvd, Suite G, Norcross, GA 30093 DIRECCI\u00d3N DE CORREO ELECTR\u00d3NICO fax@atlantainternationatlpt.com Formulario de consulta<\/p>\n","protected":false},"author":1,"featured_media":0,"parent":0,"menu_order":0,"comment_status":"closed","ping_status":"closed","template":"elementor_header_footer","meta":{"footnotes":""},"post_mailing_queue_ids":[],"_links":{"self":[{"href":"https:\/\/aipt.jptechnologiesllc.com\/es\/wp-json\/wp\/v2\/pages\/18"}],"collection":[{"href":"https:\/\/aipt.jptechnologiesllc.com\/es\/wp-json\/wp\/v2\/pages"}],"about":[{"href":"https:\/\/aipt.jptechnologiesllc.com\/es\/wp-json\/wp\/v2\/types\/page"}],"author":[{"embeddable":true,"href":"https:\/\/aipt.jptechnologiesllc.com\/es\/wp-json\/wp\/v2\/users\/1"}],"replies":[{"embeddable":true,"href":"https:\/\/aipt.jptechnologiesllc.com\/es\/wp-json\/wp\/v2\/comments?post=18"}],"version-history":[{"count":9,"href":"https:\/\/aipt.jptechnologiesllc.com\/es\/wp-json\/wp\/v2\/pages\/18\/revisions"}],"predecessor-version":[{"id":1835,"href":"https:\/\/aipt.jptechnologiesllc.com\/es\/wp-json\/wp\/v2\/pages\/18\/revisions\/1835"}],"wp:attachment":[{"href":"https:\/\/aipt.jptechnologiesllc.com\/es\/wp-json\/wp\/v2\/media?parent=18"}],"curies":[{"name":"wp","href":"https:\/\/api.w.org\/{rel}","templated":true}]}}