{"id":331,"date":"2023-04-04T11:10:44","date_gmt":"2023-04-04T11:10:44","guid":{"rendered":"https:\/\/aipt.jptechnologiesllc.com\/es\/?page_id=331"},"modified":"2023-11-20T09:00:46","modified_gmt":"2023-11-20T09:00:46","slug":"is-my-child-delayed","status":"publish","type":"page","link":"https:\/\/aipt.jptechnologiesllc.com\/es\/is-my-child-delayed\/","title":{"rendered":"Is My Child Delayed"},"content":{"rendered":"\t\t<div data-elementor-type=\"wp-page\" data-elementor-id=\"331\" class=\"elementor elementor-331\">\n\t\t\t\t\t\t\t\t\t<section class=\"elementor-section elementor-top-section elementor-element elementor-element-025d524 elementor-section-full_width elementor-section-stretched elementor-section-height-default elementor-section-height-default\" data-id=\"025d524\" data-element_type=\"section\" data-settings=\"{&quot;stretch_section&quot;:&quot;section-stretched&quot;,&quot;background_background&quot;:&quot;classic&quot;}\">\n\t\t\t\t\t\t<div class=\"elementor-container elementor-column-gap-default\">\n\t\t\t\t\t<div class=\"elementor-column elementor-col-100 elementor-top-column elementor-element elementor-element-00fca82\" data-id=\"00fca82\" data-element_type=\"column\">\n\t\t\t<div class=\"elementor-widget-wrap elementor-element-populated\">\n\t\t\t\t\t\t\t\t<div class=\"elementor-element elementor-element-1d6ac7e elementor-widget elementor-widget-html\" data-id=\"1d6ac7e\" data-element_type=\"widget\" data-widget_type=\"html.default\">\n\t\t\t\t<div class=\"elementor-widget-container\">\n\t\t\t<div class=\"ban-head\">\n    <div class=\"ban-tit\">\u00bfMi hijo se retrasa?\n\n<\/div>\n<\/div>\t\t<\/div>\n\t\t\t\t<\/div>\n\t\t\t\t\t<\/div>\n\t\t<\/div>\n\t\t\t\t\t\t\t<\/div>\n\t\t<\/section>\n\t\t\t\t<section class=\"elementor-section elementor-top-section elementor-element elementor-element-d5cfdab elementor-section-full_width elementor-section-height-default elementor-section-height-default\" data-id=\"d5cfdab\" data-element_type=\"section\" data-settings=\"{&quot;background_background&quot;:&quot;classic&quot;}\">\n\t\t\t\t\t\t<div class=\"elementor-container elementor-column-gap-default\">\n\t\t\t\t\t<div class=\"elementor-column elementor-col-100 elementor-top-column elementor-element elementor-element-55e3ddf\" data-id=\"55e3ddf\" data-element_type=\"column\">\n\t\t\t<div class=\"elementor-widget-wrap elementor-element-populated\">\n\t\t\t\t\t\t\t\t<div class=\"elementor-element elementor-element-c628af2 elementor-widget elementor-widget-html\" data-id=\"c628af2\" data-element_type=\"widget\" data-widget_type=\"html.default\">\n\t\t\t\t<div class=\"elementor-widget-container\">\n\t\t\t<div class=\"container\">\n    <div class=\"d-flex-container\">\n    <div class=\"d-flex-content\">\n        <p>Habilidades como dar el primer paso, sonre\u00edr por primera vez y decir \u201cadi\u00f3s\u201d con la mano se denominan hitos del desarrollo. Los ni\u00f1os alcanzan hitos en su forma de jugar, aprender, hablar, actuar y moverse.\n\n<\/p>\n        <p>Haga clic en la edad de su hijo para ver los hitos:\n\n<\/p>\n        <ul class=\"d-lists-container\">\n            <li>2 meses<\/li>\n            <li>4 meses<\/li>\n            <li>6 meses<\/li>\n            <li>9 meses<\/li>\n            <li>1 a\u00f1o<\/li>\n            <li>15 meses<\/li>\n            <li>18 meses<\/li>\n            <li>2 a\u00f1os<\/li>\n            <li>30 meses<\/li>\n            <li>3 a\u00f1os<\/li>\n            <li>4 a\u00f1os<\/li>\n            <li>5 a\u00f1os<\/li>\n            <li>Listas de verificaci\u00f3n de hitos traducidas a otros idiomas<\/li>\n            <li>Imprima las listas de verificaci\u00f3n de hitos (PDF) [4 MB, 24 p\u00e1ginas, 508] o haga clic en la edad de su hijo arriba para completar la lista de verificaci\u00f3n en l\u00ednea.<\/li>\n            <li>Descargue la aplicaci\u00f3n m\u00f3vil Milestone Tracker<\/li>\n            <li>Complete una lista de verificaci\u00f3n utilizando la Lista de verificaci\u00f3n digital en l\u00ednea <\/li>\n        <\/ul>\n    <\/div>\n    <div class=\"child-img-container\">\n        <img decoding=\"async\" id=\"child-img\" src=\"https:\/\/aipt.jptechnologiesllc.com\/es\/wp-content\/uploads\/2023\/04\/child-img.png\" alt=\"\">\n    <\/div>\n<\/div>\n<\/div>\t\t<\/div>\n\t\t\t\t<\/div>\n\t\t\t\t\t<\/div>\n\t\t<\/div>\n\t\t\t\t\t\t\t<\/div>\n\t\t<\/section>\n\t\t\t\t\t\t\t<\/div>\n\t\t","protected":false},"excerpt":{"rendered":"<p>\u00bfMi hijo se retrasa? Habilidades como dar el primer paso, sonre\u00edr por primera vez y decir \u201cadi\u00f3s\u201d con la mano se denominan hitos del desarrollo. Los ni\u00f1os alcanzan hitos en su forma de jugar, aprender, hablar, actuar y moverse. Haga clic en la edad de su hijo para ver los hitos: 2 meses 4 meses&hellip; <a class=\"more-link\" href=\"https:\/\/aipt.jptechnologiesllc.com\/es\/is-my-child-delayed\/\">Continue reading <span class=\"screen-reader-text\">Is My Child Delayed<\/span><\/a><\/p>\n","protected":false},"author":1,"featured_media":0,"parent":0,"menu_order":0,"comment_status":"closed","ping_status":"closed","template":"elementor_header_footer","meta":{"footnotes":""},"post_mailing_queue_ids":[],"_links":{"self":[{"href":"https:\/\/aipt.jptechnologiesllc.com\/es\/wp-json\/wp\/v2\/pages\/331"}],"collection":[{"href":"https:\/\/aipt.jptechnologiesllc.com\/es\/wp-json\/wp\/v2\/pages"}],"about":[{"href":"https:\/\/aipt.jptechnologiesllc.com\/es\/wp-json\/wp\/v2\/types\/page"}],"author":[{"embeddable":true,"href":"https:\/\/aipt.jptechnologiesllc.com\/es\/wp-json\/wp\/v2\/users\/1"}],"replies":[{"embeddable":true,"href":"https:\/\/aipt.jptechnologiesllc.com\/es\/wp-json\/wp\/v2\/comments?post=331"}],"version-history":[{"count":8,"href":"https:\/\/aipt.jptechnologiesllc.com\/es\/wp-json\/wp\/v2\/pages\/331\/revisions"}],"predecessor-version":[{"id":1831,"href":"https:\/\/aipt.jptechnologiesllc.com\/es\/wp-json\/wp\/v2\/pages\/331\/revisions\/1831"}],"wp:attachment":[{"href":"https:\/\/aipt.jptechnologiesllc.com\/es\/wp-json\/wp\/v2\/media?parent=331"}],"curies":[{"name":"wp","href":"https:\/\/api.w.org\/{rel}","templated":true}]}}