{"id":339,"date":"2023-04-04T12:35:41","date_gmt":"2023-04-04T12:35:41","guid":{"rendered":"https:\/\/aipt.jptechnologiesllc.com\/es\/?page_id=339"},"modified":"2023-11-20T08:58:06","modified_gmt":"2023-11-20T08:58:06","slug":"new-patients","status":"publish","type":"page","link":"https:\/\/aipt.jptechnologiesllc.com\/es\/new-patients\/","title":{"rendered":"New Patients"},"content":{"rendered":"\t\t<div data-elementor-type=\"wp-page\" data-elementor-id=\"339\" class=\"elementor elementor-339\">\n\t\t\t\t\t\t\t\t\t<section class=\"elementor-section elementor-top-section elementor-element elementor-element-946ef1f elementor-section-full_width elementor-section-stretched elementor-section-height-default elementor-section-height-default\" data-id=\"946ef1f\" data-element_type=\"section\" data-settings=\"{&quot;stretch_section&quot;:&quot;section-stretched&quot;,&quot;background_background&quot;:&quot;classic&quot;}\">\n\t\t\t\t\t\t<div class=\"elementor-container elementor-column-gap-default\">\n\t\t\t\t\t<div class=\"elementor-column elementor-col-100 elementor-top-column elementor-element elementor-element-1f04b02\" data-id=\"1f04b02\" data-element_type=\"column\">\n\t\t\t<div class=\"elementor-widget-wrap elementor-element-populated\">\n\t\t\t\t\t\t\t\t<div class=\"elementor-element elementor-element-0ab847d elementor-widget elementor-widget-html\" data-id=\"0ab847d\" data-element_type=\"widget\" data-widget_type=\"html.default\">\n\t\t\t\t<div class=\"elementor-widget-container\">\n\t\t\t<div class=\"ban-head\">\n    <div class=\"ban-tit\">Nuevos pacientes\n<\/div>\n<\/div>\t\t<\/div>\n\t\t\t\t<\/div>\n\t\t\t\t\t<\/div>\n\t\t<\/div>\n\t\t\t\t\t\t\t<\/div>\n\t\t<\/section>\n\t\t\t\t<section class=\"elementor-section elementor-top-section elementor-element elementor-element-e1b8b24 elementor-section-full_width elementor-section-height-default elementor-section-height-default\" data-id=\"e1b8b24\" data-element_type=\"section\" data-settings=\"{&quot;background_background&quot;:&quot;classic&quot;}\">\n\t\t\t\t\t\t<div class=\"elementor-container elementor-column-gap-default\">\n\t\t\t\t\t<div class=\"elementor-column elementor-col-100 elementor-top-column elementor-element elementor-element-925ac13\" data-id=\"925ac13\" data-element_type=\"column\">\n\t\t\t<div class=\"elementor-widget-wrap elementor-element-populated\">\n\t\t\t\t\t\t\t\t<div class=\"elementor-element elementor-element-db133f2 elementor-widget elementor-widget-html\" data-id=\"db133f2\" data-element_type=\"widget\" data-widget_type=\"html.default\">\n\t\t\t\t<div class=\"elementor-widget-container\">\n\t\t\t<div class=\"container\">\n    <!--<h4 id=\"patient-h\">New Patients<\/h4>-->\n<div>\n    <ul id=\"patient-lists-wrapper\">\n        <li >\n            P\u00eddale a su pediatra o m\u00e9dico de atenci\u00f3n primaria que le escriba una derivaci\u00f3n y una receta para terapia del habla, terapia ocupacional o fisioterapia. Referencias por fax al 770 622 2534.\n        <\/li>\n        <li>\n          Llame a la oficina al 770 622 2532 para programar la evaluaci\u00f3n inicial.\n        <\/li>\n        <li>\n           Los administradores de la oficina verificar\u00e1n el seguro (Amerigroup, Peachstate, Caresource, SSI) antes de la evaluaci\u00f3n.\n\n        <\/li>\n        <li>\n            Los padres completar\u00e1n la informaci\u00f3n de atenci\u00f3n al paciente antes de la evaluaci\u00f3n.\n        <\/li>\n        <li>\n         AIPT solicita que un cuidador asista a la evaluaci\u00f3n para proporcionar el historial del caso en la evaluaci\u00f3n.\n        <\/li>\n        <li> \n        El terapeuta redacta la evaluaci\u00f3n y el plan de atenci\u00f3n que se enviar\u00e1 al m\u00e9dico de atenci\u00f3n primaria.\n        <\/li>\n        <li>\n         Despu\u00e9s de la aprobaci\u00f3n del seguro, estamos entusiasmados de comenzar la terapia para su hijo. Estamos abiertos de lunes a viernes de 8 am a 7 pm.\n        <\/li>\n    <\/ul>\n<\/div>\n<\/div>\t\t<\/div>\n\t\t\t\t<\/div>\n\t\t\t\t\t<\/div>\n\t\t<\/div>\n\t\t\t\t\t\t\t<\/div>\n\t\t<\/section>\n\t\t\t\t\t\t\t<\/div>\n\t\t","protected":false},"excerpt":{"rendered":"<p>Nuevos pacientes P\u00eddale a su pediatra o m\u00e9dico de atenci\u00f3n primaria que le escriba una derivaci\u00f3n y una receta para terapia del habla, terapia ocupacional o fisioterapia. Referencias por fax al 770 622 2534. Llame a la oficina al 770 622 2532 para programar la evaluaci\u00f3n inicial. Los administradores de la oficina verificar\u00e1n el seguro&hellip; <a class=\"more-link\" href=\"https:\/\/aipt.jptechnologiesllc.com\/es\/new-patients\/\">Continue reading <span class=\"screen-reader-text\">New Patients<\/span><\/a><\/p>\n","protected":false},"author":1,"featured_media":0,"parent":0,"menu_order":0,"comment_status":"closed","ping_status":"closed","template":"elementor_header_footer","meta":{"footnotes":""},"post_mailing_queue_ids":[],"_links":{"self":[{"href":"https:\/\/aipt.jptechnologiesllc.com\/es\/wp-json\/wp\/v2\/pages\/339"}],"collection":[{"href":"https:\/\/aipt.jptechnologiesllc.com\/es\/wp-json\/wp\/v2\/pages"}],"about":[{"href":"https:\/\/aipt.jptechnologiesllc.com\/es\/wp-json\/wp\/v2\/types\/page"}],"author":[{"embeddable":true,"href":"https:\/\/aipt.jptechnologiesllc.com\/es\/wp-json\/wp\/v2\/users\/1"}],"replies":[{"embeddable":true,"href":"https:\/\/aipt.jptechnologiesllc.com\/es\/wp-json\/wp\/v2\/comments?post=339"}],"version-history":[{"count":8,"href":"https:\/\/aipt.jptechnologiesllc.com\/es\/wp-json\/wp\/v2\/pages\/339\/revisions"}],"predecessor-version":[{"id":1819,"href":"https:\/\/aipt.jptechnologiesllc.com\/es\/wp-json\/wp\/v2\/pages\/339\/revisions\/1819"}],"wp:attachment":[{"href":"https:\/\/aipt.jptechnologiesllc.com\/es\/wp-json\/wp\/v2\/media?parent=339"}],"curies":[{"name":"wp","href":"https:\/\/api.w.org\/{rel}","templated":true}]}}