{"id":374,"date":"2023-04-05T05:13:12","date_gmt":"2023-04-05T05:13:12","guid":{"rendered":"https:\/\/aipt.jptechnologiesllc.com\/es\/?page_id=374"},"modified":"2024-05-14T19:23:24","modified_gmt":"2024-05-14T19:23:24","slug":"work-comp","status":"publish","type":"page","link":"https:\/\/aipt.jptechnologiesllc.com\/es\/work-comp\/","title":{"rendered":"Work Comp"},"content":{"rendered":"\t\t<div data-elementor-type=\"wp-page\" data-elementor-id=\"374\" class=\"elementor elementor-374\">\n\t\t\t\t\t\t\t\t\t<section class=\"elementor-section elementor-top-section elementor-element elementor-element-8a09933 elementor-section-boxed elementor-section-height-default elementor-section-height-default\" data-id=\"8a09933\" data-element_type=\"section\" data-settings=\"{&quot;background_background&quot;:&quot;classic&quot;}\">\n\t\t\t\t\t\t<div class=\"elementor-container elementor-column-gap-default\">\n\t\t\t\t\t<div class=\"elementor-column elementor-col-100 elementor-top-column elementor-element elementor-element-e6b0475\" data-id=\"e6b0475\" data-element_type=\"column\">\n\t\t\t<div class=\"elementor-widget-wrap elementor-element-populated\">\n\t\t\t\t\t\t\t\t<div class=\"elementor-element elementor-element-c56bc90 elementor-widget elementor-widget-html\" data-id=\"c56bc90\" data-element_type=\"widget\" data-widget_type=\"html.default\">\n\t\t\t\t<div class=\"elementor-widget-container\">\n\t\t\t<div class=\"ban-head\">\n    <div class=\"ban-tit\">Compensaci\u00f3n de trabajadores\n<\/div>\n<\/div>\t\t<\/div>\n\t\t\t\t<\/div>\n\t\t\t\t\t<\/div>\n\t\t<\/div>\n\t\t\t\t\t\t\t<\/div>\n\t\t<\/section>\n\t\t\t\t<section class=\"elementor-section elementor-top-section elementor-element elementor-element-6d5061a elementor-section-full_width elementor-section-height-default elementor-section-height-default\" data-id=\"6d5061a\" data-element_type=\"section\" data-settings=\"{&quot;background_background&quot;:&quot;classic&quot;}\">\n\t\t\t\t\t\t<div class=\"elementor-container elementor-column-gap-default\">\n\t\t\t\t\t<div class=\"elementor-column elementor-col-100 elementor-top-column elementor-element elementor-element-e5b3fd8\" data-id=\"e5b3fd8\" data-element_type=\"column\">\n\t\t\t<div class=\"elementor-widget-wrap elementor-element-populated\">\n\t\t\t\t\t\t\t\t<div class=\"elementor-element elementor-element-e7fbf56 elementor-widget__width-inherit elementor-widget elementor-widget-html\" data-id=\"e7fbf56\" data-element_type=\"widget\" data-widget_type=\"html.default\">\n\t\t\t\t<div class=\"elementor-widget-container\">\n\t\t\t<div class=\"container\">\n    <h4 class=\"work-comp\" style=\"font-family: 'Montserrat';\">Compensacion  de trabajadores\n<\/h4>\n\n<p id=\"para-d-font\" style=\"font-family: 'Montserrat';\">Aceptamos pacientes que reciben beneficios de compensaci\u00f3n laboral por fisioterapia. Nuestro fisioterapeuta de compensaci\u00f3n laboral habla espa\u00f1ol e ingl\u00e9s. Por favor llame al 770 622 2532 para m\u00e1s informaci\u00f3n. <\/p>\n<\/div>\t\t<\/div>\n\t\t\t\t<\/div>\n\t\t\t\t\t<\/div>\n\t\t<\/div>\n\t\t\t\t\t\t\t<\/div>\n\t\t<\/section>\n\t\t\t\t\t\t\t<\/div>\n\t\t","protected":false},"excerpt":{"rendered":"<p>Compensaci\u00f3n de trabajadores Compensacion de trabajadores Aceptamos pacientes que reciben beneficios de compensaci\u00f3n laboral por fisioterapia. Nuestro fisioterapeuta de compensaci\u00f3n laboral habla espa\u00f1ol e ingl\u00e9s. Por favor llame al 770 622 2532 para m\u00e1s informaci\u00f3n.<\/p>\n","protected":false},"author":1,"featured_media":0,"parent":0,"menu_order":0,"comment_status":"closed","ping_status":"closed","template":"elementor_header_footer","meta":{"footnotes":""},"post_mailing_queue_ids":[],"_links":{"self":[{"href":"https:\/\/aipt.jptechnologiesllc.com\/es\/wp-json\/wp\/v2\/pages\/374"}],"collection":[{"href":"https:\/\/aipt.jptechnologiesllc.com\/es\/wp-json\/wp\/v2\/pages"}],"about":[{"href":"https:\/\/aipt.jptechnologiesllc.com\/es\/wp-json\/wp\/v2\/types\/page"}],"author":[{"embeddable":true,"href":"https:\/\/aipt.jptechnologiesllc.com\/es\/wp-json\/wp\/v2\/users\/1"}],"replies":[{"embeddable":true,"href":"https:\/\/aipt.jptechnologiesllc.com\/es\/wp-json\/wp\/v2\/comments?post=374"}],"version-history":[{"count":11,"href":"https:\/\/aipt.jptechnologiesllc.com\/es\/wp-json\/wp\/v2\/pages\/374\/revisions"}],"predecessor-version":[{"id":1906,"href":"https:\/\/aipt.jptechnologiesllc.com\/es\/wp-json\/wp\/v2\/pages\/374\/revisions\/1906"}],"wp:attachment":[{"href":"https:\/\/aipt.jptechnologiesllc.com\/es\/wp-json\/wp\/v2\/media?parent=374"}],"curies":[{"name":"wp","href":"https:\/\/api.w.org\/{rel}","templated":true}]}}