{"id":771,"date":"2023-04-06T05:54:27","date_gmt":"2023-04-06T05:54:27","guid":{"rendered":"https:\/\/aipt.jptechnologiesllc.com\/es\/?page_id=771"},"modified":"2024-05-14T20:00:41","modified_gmt":"2024-05-14T20:00:41","slug":"insurance","status":"publish","type":"page","link":"https:\/\/aipt.jptechnologiesllc.com\/es\/insurance\/","title":{"rendered":"Insurance"},"content":{"rendered":"\t\t<div data-elementor-type=\"wp-page\" data-elementor-id=\"771\" class=\"elementor elementor-771\">\n\t\t\t\t\t\t\t\t\t<section class=\"elementor-section elementor-top-section elementor-element elementor-element-f304938 elementor-section-full_width elementor-section-stretched elementor-section-height-default elementor-section-height-default\" data-id=\"f304938\" data-element_type=\"section\" data-settings=\"{&quot;stretch_section&quot;:&quot;section-stretched&quot;,&quot;background_background&quot;:&quot;classic&quot;}\">\n\t\t\t\t\t\t<div class=\"elementor-container elementor-column-gap-default\">\n\t\t\t\t\t<div class=\"elementor-column elementor-col-100 elementor-top-column elementor-element elementor-element-e7dccee\" data-id=\"e7dccee\" data-element_type=\"column\">\n\t\t\t<div class=\"elementor-widget-wrap elementor-element-populated\">\n\t\t\t\t\t\t\t\t<div class=\"elementor-element elementor-element-bae8fbd elementor-widget elementor-widget-html\" data-id=\"bae8fbd\" data-element_type=\"widget\" data-widget_type=\"html.default\">\n\t\t\t\t<div class=\"elementor-widget-container\">\n\t\t\t<div class=\"ban-head\">\n    <div class=\"ban-tit\">Seguro\n<\/div>\n<\/div>\t\t<\/div>\n\t\t\t\t<\/div>\n\t\t\t\t\t<\/div>\n\t\t<\/div>\n\t\t\t\t\t\t\t<\/div>\n\t\t<\/section>\n\t\t\t\t<section class=\"elementor-section elementor-top-section elementor-element elementor-element-1599b1e elementor-section-full_width elementor-section-height-default elementor-section-height-default\" data-id=\"1599b1e\" data-element_type=\"section\" data-settings=\"{&quot;background_background&quot;:&quot;classic&quot;}\">\n\t\t\t\t\t\t<div class=\"elementor-container elementor-column-gap-default\">\n\t\t\t\t\t<div class=\"elementor-column elementor-col-100 elementor-top-column elementor-element elementor-element-a416017\" data-id=\"a416017\" data-element_type=\"column\">\n\t\t\t<div class=\"elementor-widget-wrap elementor-element-populated\">\n\t\t\t\t\t\t\t\t<div class=\"elementor-element elementor-element-7dd054f elementor-widget elementor-widget-html\" data-id=\"7dd054f\" data-element_type=\"widget\" data-widget_type=\"html.default\">\n\t\t\t\t<div class=\"elementor-widget-container\">\n\t\t\t<div class=\"container\">\n    <h4 class=\"ins-h\"> Ni\u00f1os reci\u00e9n nacidos de 0 a 21 a\u00f1os\n<\/h4>\n    <h4 class=\"ins-h\">Aceptamos Medicaid incluyendo\n<\/h4>\n    <div class=\"ins-flex-container\">\n        <div class=\"ins-box-shadow\">\n                <img decoding=\"async\" src=\"https:\/\/aipt.jptechnologiesllc.com\/es\/wp-content\/uploads\/2023\/04\/Group-10.png\" alt=\"\">  \n        <\/div>\n        \n        <div class=\"ins-box-shadow\">\n                    <img decoding=\"async\" src=\"https:\/\/aipt.jptechnologiesllc.com\/es\/wp-content\/uploads\/2023\/04\/Rectangle-22-copy-2.png\" alt=\"\">\n        <\/div>\n        <div class=\"ins-box-shadow\">\n            <img decoding=\"async\" src=\"https:\/\/aipt.jptechnologiesllc.com\/es\/wp-content\/uploads\/2023\/04\/Group-11-1.png\" alt=\"\">      \n        <\/div>\n        <div class=\"ins-box-shadow\">\n            <img decoding=\"async\" src=\"https:\/\/aipt.jptechnologiesllc.com\/es\/wp-content\/uploads\/2023\/05\/private-ins-id-card_1.jpg\" alt=\"\">      \n        <\/div>\n        <div class=\"ins-box-shadow\">\n            <img decoding=\"async\" src=\"https:\/\/aipt.jptechnologiesllc.com\/es\/wp-content\/uploads\/2023\/04\/Group-12.png\" alt=\"\">\n        <\/div>\n    <\/div>\n    <div class=\"flex-ins-wrapper\">\n    \n<\/div>\n\n\n\n<\/div>\t\t<\/div>\n\t\t\t\t<\/div>\n\t\t\t\t\t<\/div>\n\t\t<\/div>\n\t\t\t\t\t\t\t<\/div>\n\t\t<\/section>\n\t\t\t\t\t\t\t<\/div>\n\t\t","protected":false},"excerpt":{"rendered":"<p>Seguro Ni\u00f1os reci\u00e9n nacidos de 0 a 21 a\u00f1os Aceptamos Medicaid incluyendo<\/p>\n","protected":false},"author":1,"featured_media":0,"parent":0,"menu_order":0,"comment_status":"closed","ping_status":"closed","template":"elementor_header_footer","meta":{"footnotes":""},"post_mailing_queue_ids":[],"_links":{"self":[{"href":"https:\/\/aipt.jptechnologiesllc.com\/es\/wp-json\/wp\/v2\/pages\/771"}],"collection":[{"href":"https:\/\/aipt.jptechnologiesllc.com\/es\/wp-json\/wp\/v2\/pages"}],"about":[{"href":"https:\/\/aipt.jptechnologiesllc.com\/es\/wp-json\/wp\/v2\/types\/page"}],"author":[{"embeddable":true,"href":"https:\/\/aipt.jptechnologiesllc.com\/es\/wp-json\/wp\/v2\/users\/1"}],"replies":[{"embeddable":true,"href":"https:\/\/aipt.jptechnologiesllc.com\/es\/wp-json\/wp\/v2\/comments?post=771"}],"version-history":[{"count":11,"href":"https:\/\/aipt.jptechnologiesllc.com\/es\/wp-json\/wp\/v2\/pages\/771\/revisions"}],"predecessor-version":[{"id":1925,"href":"https:\/\/aipt.jptechnologiesllc.com\/es\/wp-json\/wp\/v2\/pages\/771\/revisions\/1925"}],"wp:attachment":[{"href":"https:\/\/aipt.jptechnologiesllc.com\/es\/wp-json\/wp\/v2\/media?parent=771"}],"curies":[{"name":"wp","href":"https:\/\/api.w.org\/{rel}","templated":true}]}}